{"id":6289,"date":"2022-02-18T20:33:52","date_gmt":"2022-02-18T19:33:52","guid":{"rendered":"https:\/\/www.blasmusik-hohenkammer.de\/v3\/?page_id=6289"},"modified":"2024-03-08T22:15:15","modified_gmt":"2024-03-08T21:15:15","slug":"das-corona-jahr-2021","status":"publish","type":"page","link":"https:\/\/www.blasmusik-hohenkammer.de\/v3\/?page_id=6289","title":{"rendered":"Das Corona-Jahr 2(021)"},"content":{"rendered":"<div id=\"column1of3\"><a href=\"https:\/\/www.blasmusik-hohenkammer.de\/v3\/?page_id=5793\">\u25c4 2020<\/a><\/div>\n<div id=\"column2of3\"><a href=\"https:\/\/www.blasmusik-hohenkammer.de\/v3\/?page_id=22\">\u25b2<\/a><\/div>\n<div id=\"column3of3\"><a href=\"https:\/\/www.blasmusik-hohenkammer.de\/v3\/?page_id=6688\">2022 \u25ba<\/a><\/div>\n<h3 style=\"clear:both\">Ein Fr\u00fch\u00adjahr im Sondermodus<\/h3>\n<h4>Musik im Home\u00adoffice und ein JUBO Orchesterbildungsprojekt<\/h4>\n<p>So hatten wir uns das eigent\u00adlich nicht gedacht. Sollte doch der im Novem\u00adber 2020 aus\u00adge\u00adru\u00adfe\u00adne \u201cLock\u00addown Light\u201d einen ent\u00adspann\u00adten Jah\u00adres\u00adstart 2021 erm\u00f6g\u00adli\u00adchen. Statt\u00addes\u00adsen gab es weiter stei\u00adgen\u00adde Infek\u00adti\u00adons\u00adzah\u00adlen, ver\u00adsch\u00e4rf\u00adte Kon\u00adtakt\u00adbe\u00adschr\u00e4n\u00adkun\u00adgen, geschlos\u00adse\u00adne Schu\u00adlen und Kitas und die Sorge vor mutier\u00adten Corona-Viren. Und nat\u00fcr\u00adlich auch <strong>keine Neu\u00adjahrs-Sere\u00adna\u00adde!<\/strong><br>Letzt\u00adend\u00adlich beschloss man einen harten Lock\u00addown bis \u00fcber Ostern hinaus. Die zweite Zwangs\u00adpau\u00adse endete f\u00fcr uns erst im Mai nach \u00fcber sechs Monaten.<\/p>\n<p>Da scha\u00addet es nicht, sich Erin\u00adne\u00adrun\u00adgen wach zu rufen, um sich die eigene Moti\u00adva\u00adti\u00adon zu erhal\u00adten und um die Hoff\u00adnung auf Gemein\u00adschaft nicht zu verlieren:<\/p>\nngg_shortcode_0_placeholder\n<p>Es war also erneut Krea\u00adti\u00advi\u00adt\u00e4t gefragt, die Musi\u00adker bei Laune und den musi\u00adka\u00adli\u00adschen Pro\u00adzess am Laufen zu halten.<\/p>\n<p>Im JUBO haben wir dazu viele vir\u00adtu\u00adel\u00adle Tref\u00adfen mit Handy und Com\u00adpu\u00adter durch\u00adge\u00adf\u00fchrt. Anhand der Musik\u00adst\u00fc\u00adcke des geplan\u00adten Herbst\u00adkon\u00adzer\u00adtes ging es darum, die beim orches\u00adtra\u00adlen Musi\u00adzie\u00adren ben\u00f6\u00adtig\u00adten Fer\u00adtig\u00adkei\u00adten ein\u00adzu\u00ad\u00fcben. \u201cDis\u00adku\u00adtie\u00adren\u201d, \u201cAuf\u00adneh\u00admen\u201d, \u201cAbh\u00f6\u00adren\u201d, \u201cNach\u00adspie\u00adlen\u201d: Addiert man alle Bespre\u00adchun\u00adgen der ein\u00adzel\u00adnen Unter\u00adgrup\u00adpen, kommt man auf eine statt\u00adli\u00adche Zahl von <strong>ca. 120 Online\u00admee\u00adtings<\/strong> in den ersten f\u00fcnf Mona\u00adten des Jahres! Ein wesent\u00adli\u00adcher Ideen\u00adge\u00adber f\u00fcr die Pla\u00adnung und Durch\u00adf\u00fch\u00adrung war f\u00fcr unse\u00adren musi\u00adka\u00adli\u00adschen Jugend\u00adlei\u00adter die Deut\u00adsche Diri\u00adgen\u00adten\u00adaka\u00adde\u00admie. Aus diesem Kon\u00adtakt ergab sich auch ein Erfah\u00adrungs\u00adaus\u00adtausch mit Lei\u00adtern und Musi\u00adkern aus ande\u00adren Orches\u00adtern, wel\u00adcher f\u00fcr uns sehr wert\u00advoll&nbsp;war.<\/p>\n<p>Etwas stil\u00adler im Lock\u00addown war es im JUNO und in der gro\u00dfen Blas\u00admu\u00adsik. Zwar hatten wir auch hier <strong>vir\u00adtu\u00adel\u00adle Tref\u00adfen<\/strong> und einen <strong>Eltern\u00adabend<\/strong>, aber f\u00fcr die musi\u00adka\u00adli\u00adschen Akti\u00advi\u00adt\u00e4\u00adten zuhau\u00adse muss\u00adten sich die Musi\u00adker selbst moti\u00advie\u00adren. Dabei wurde uns einmal mehr bewusst, welche Freude gemein\u00adschaft\u00adli\u00adches Musi\u00adzie\u00adren in unser Leben bringt.<\/p>\n<p style=\"text-align: center\"><strong>***<\/strong><\/p>\n<h3>Mit Hand\u00adbremse in den Sommer<\/h3>\n<h4>Vor\u00adsich\u00adti\u00adger Wieder\u00adanlauf, ver\u00adeinzelte Auf\u00adtrit\u00adte und ein Pausenhofkonzert<\/h4>\n<p>Unser musi\u00adka\u00adli\u00adscher Leiter schrieb Mitte Mai: \u201c<em>Nach der\u00adzei\u00adti\u00adgem Stand sind Proben ab 21.5. wieder m\u00f6g\u00adlich. Innen mit max. 10 Leuten, drau\u00ad\u00dfen mit max. 20 Per\u00adso\u00adnen. Bei einer Inzi\u00addenz unter 50 mit Hygie\u00adne\u00adkon\u00adzept und Maske, zwi\u00adschen 50 und 100 mit vor\u00adhe\u00adri\u00adgem Test\/Impfung (ab 15. Tag nach 2. Impfung\/ Gene\u00adsung, max. 6 Monate) aller Teil\u00adneh\u00admer.<\/em>\u201d<\/p>\n<p>So kam es, dass wir uns zur ersten Blas\u00admu\u00adsik\u00adpro\u00adbe Ende Mai im Pau\u00adsen\u00adhof der Grund\u00adschu\u00adle ver\u00adab\u00adre\u00adde\u00adten. Leider war das Ver\u00adgn\u00fc\u00adgen nur von kurzer Dauer, denn schon bald unter\u00adbrach ein hef\u00adti\u00adger Regen\u00adschau\u00ader unsere Bem\u00fchungen.<\/p>\nngg_shortcode_1_placeholder\n<p>Auch im JUNO trafen wir uns nun wieder zu gemein\u00adsa\u00admen Musi\u00adzie\u00adren. Die ersten Proben fanden auch hier gem\u00e4\u00df Hygie\u00adne\u00adkon\u00adzept im Freien statt.<\/p>\n<p>Im JUBO ent\u00adschie\u00adden wir uns beim Wie\u00adder\u00adan\u00adlauf f\u00fcr inten\u00adsi\u00adves Proben in Klein\u00adgrup\u00adpen (nur Fl\u00f6ten, nur Kla\u00adri\u00adnet\u00adten, nur Trom\u00adpe\u00adten, usw.), bevor wir uns erst sp\u00e4ter im Sommer wieder in gr\u00f6\u00ad\u00dfe\u00adrer Runde trafen. Schlie\u00df\u00adlich woll\u00adten wir das im Lock\u00addown begon\u00adne\u00adne Pro\u00adjekt kon\u00adse\u00adquent wei\u00adter\u00adf\u00fch\u00adren und vom Klei\u00adnen ins Gro\u00dfe arbei\u00adten. Zudem waren wir damit wet\u00adter\u00adun\u00adab\u00adh\u00e4n\u00adgig und konn\u00adten Innen\u00adr\u00e4u\u00adme wie die Mehr\u00adzweck\u00adhal\u00adle oder auch pri\u00adva\u00adte Aus\u00adweich\u00adquar\u00adtie\u00adre nutzen.<\/p>\n<p>Nat\u00fcr\u00adlich leben Musi\u00adker auch von der B\u00fchne. So war es f\u00fcr uns eine gro\u00dfe Freude, von den urspr\u00fcng\u00adlich zuge\u00adsag\u00adten Auf\u00adtrit\u00adten immer\u00adhin im Juni einmal im <strong>Bier\u00adgar\u00adten<\/strong> vor Publi\u00adkum zu musizieren.<\/p>\nngg_shortcode_2_placeholder\n<p>Am 18.Juli gab es dann das <strong>Som\u00admer\u00adkon\u00adzert<\/strong> der Blas\u00admu\u00adsik im Pausenhof.<\/p>\n<p>Ful\u00admi\u00adnant began\u00adnen wir unter der musi\u00adka\u00adli\u00adschen Lei\u00adtung von Helmut Frank mit dem Marsch \u201cThe Washing\u00adton Post\u201d von John Philip Sousa. Weiter ging es mit den St\u00fc\u00adcken \u201cInstant Con\u00adcert\u201d (L. Wal\u00adters), \u201cOlym\u00adpic Fan\u00adfa\u00adre and Theme\u201d (John Wil\u00adliams), \u201cFly me to the moon\u201d (Bart Howard), \u201cMoon River\u201d (Henry Man\u00adci\u00adni) sowie einem Medley aus dem Musi\u00adcal \u201cGrease\u201d. Als Abschluss erklang das bekann\u00adte Volks\u00adlied \u201cDer Mond ist auf\u00adge\u00adgan\u00adgen\u201d (J.A.P. Schulz).<\/p>\nngg_shortcode_3_placeholder\n<p>Wie man sieht, war uns Petrus gn\u00e4dig und schenk\u00adte uns und allen G\u00e4sten ein wun\u00adder\u00adsch\u00f6\u00adnes Som\u00admer\u00adwet\u00adter.<br>Immer wieder hatten wir zuvor auf die Wet\u00adter\u00advor\u00adher\u00adsa\u00adge geschaut und gebangt, ob wir die Ver\u00adan\u00adstal\u00adtung durch\u00adf\u00fch\u00adren k\u00f6nnen. Man merkte dann sowohl den Musiker(innen) als auch den Kon\u00adzert\u00adg\u00e4s\u00adten an, dass sie die Auf\u00adtrit\u00adte der Blas\u00admu\u00adsik in den langen Corona-Lock\u00addown-Phasen ver\u00admisst hatten. Die Ein\u00adnah\u00admen aus unse\u00adrer Spen\u00adden\u00adtu\u00adba spen\u00adde\u00adten wir aus aktu\u00adel\u00adlem Anlass den Opfern der Flut\u00adka\u00adta\u00adstro\u00adphe im Westen Deutschlands.<\/p>\n<p>Zum Abschluss des Schul\u00adjah\u00adres 2020\/21 gab es vom Junior\u00ador\u00adches\u00adter (JUNO) kurz vor den Ferien noch ein Vor\u00adspiel f\u00fcr Eltern und Ange\u00adh\u00f6\u00adri\u00adge. Auch dieses ver\u00adleg\u00adten wir ins Freie. Die Zuh\u00f6\u00adrer lausch\u00adten begeis\u00adtert den Kl\u00e4n\u00adgen der Jugend und for\u00adder\u00adten nat\u00fcr\u00adlich eine Zugabe.<\/p>\n<p><strong>Ein\u00adzel\u00adne Geburts\u00adtags- und ein Hoch\u00adzeits\u00adst\u00e4nd\u00adchen<\/strong> mit Abstand und Hygie\u00adne erg\u00e4nz\u00adten die ansons\u00adten kurze Liste der Som\u00admer\u00adauf\u00adtrit\u00adte -&nbsp;AHA!<\/p>\n<p style=\"text-align: center\"><strong>***<\/strong><\/p>\n<h3>Sommer\u00adferien, Urlaubszeit<\/h3>\n<h4>B\u00fchne Frei im August!<\/h4>\n<p>Nach dem Motto \u201cJede\/r kann etwas, Keine\/r kann Nichts\u201d waren die Hohen\u00adkam\u00adme\u00adrer Kinder zum Feri\u00aden\u00adpro\u00adgramm der Blas\u00admu\u00adsik ein\u00adge\u00adla\u00adden. Alle Teil\u00adneh\u00admer und soll\u00adten sich \u00fcber\u00adle\u00adgen, was sie auf einer B\u00fchne zeigen und so zu einer klei\u00adnen, selbst vor\u00adbe\u00adrei\u00adte\u00adten Vor\u00adstel\u00adlung bei\u00adtra\u00adgen k\u00f6nnen.<\/p>\n<p>Ideen sam\u00admeln, B\u00fchne auf\u00adbau\u00aden, den Auf\u00adtritt proben, sich Ansa\u00adgen aus\u00adden\u00adken, Pla\u00adka\u00adte malen - was f\u00fcr ein wun\u00adder\u00adba\u00adrer Nach\u00admit\u00adtag! Und was es bei der Vor\u00adstel\u00adlung alles zu sehen gab: Reifen- und Jon\u00adglier\u00adakro\u00adba\u00adtik, Rol\u00adler\u00adbla\u00adde\u00adtanz, Zau\u00adber\u00advor\u00adf\u00fch\u00adrung und eine kleine Thea\u00adter\u00adein\u00adla\u00adge, umrahmt von zwei musi\u00adka\u00adli\u00adschen Darbietungen.<\/p>\nngg_shortcode_4_placeholder\n<p>Das Publi\u00adkum \u201cbelohn\u00adte\u201d die jungen K\u00fcnst\u00adler mit reich\u00adlich Applaus.<\/p>\n<p>Und noch ein zwei\u00adtes Mal hie\u00df es im August \u201cB\u00fchne Frei\u201d und zwar beim <strong>Pick\u00adnick\u00adkon\u00adzert<\/strong> der Azubis im Schloss. F\u00fcr dieses war unsere junge Dele\u00adga\u00adti\u00adon gebucht, welche im Schloss\u00adpark reich\u00adlich f\u00fcr Stim\u00admung sorgte.<\/p>\nngg_shortcode_5_placeholder\n<p style=\"text-align: center\"><strong>***<\/strong><\/p>\n<h3>Mit 3G durch den Herbst<\/h3>\n<h4>Blas\u00admu\u00adsik, Neu\u00adwahlen und ein JUBONachtstraum<\/h4>\n<p>Die neuen Rege\u00adlun\u00adgen der Infek\u00adti\u00adons\u00adschutz\u00adma\u00df\u00adnah\u00admen\u00adver\u00adord\u00adnung brach\u00adten im Sep\u00adtem\u00adber und Okto\u00adber f\u00fcr den Pro\u00adben\u00adbe\u00adtrieb  Erleich\u00adte\u00adrun\u00adgen, aber leider auch einige Ver\u00adsch\u00e4r\u00adfun\u00adgen mit sich. So durf\u00adten wir wieder in gr\u00f6\u00ad\u00dfe\u00adrer Runde auch im Innen\u00adbe\u00adreich proben. Da jedoch der Land\u00adkreis Frei\u00adsing die ma\u00df\u00adgeb\u00adli\u00adche 7-Tage-Inzi\u00addenz deut\u00adlich \u00fcber\u00adschritt, galt ab sofort die 3G Regel. Erst\u00admals muss\u00adten wir also von unse\u00adren Musi\u00adkern einen Impf-, Gene\u00adse\u00adnen- oder Test\u00adnach\u00adweis einfordern.<\/p>\n<p>Zusam\u00admen mit der ersten Probe nach der Som\u00admer\u00adpau\u00adse fanden wir einen geeig\u00adne\u00adten Termin f\u00fcr unsere im Fr\u00fch\u00adjahr aus\u00adge\u00adfal\u00adle\u00adne <strong>Gene\u00adral\u00adver\u00adsamm\u00adlung<\/strong> mit Neu\u00adwah\u00adlen. Dabei \u00fcber\u00adnahm Inge Dilz erst\u00admals das Amt des Schrift\u00adf\u00fch\u00adrers. Unsere neu gew\u00e4hl\u00adte Vorstandschaft:<\/p>\nngg_shortcode_6_placeholder\n<p>Einen aus\u00adf\u00fchr\u00adli\u00adchen Bericht finden Sie in unse\u00adrem <a href=\"https:\/\/www.blasmusik-hohenkammer.de\/v3\/wp-content\/uploads\/presse\/GB115OKT21.jpg\" target=\"_blank\" rel=\"noopener\">Glonn\u00adbo\u00adten\u00adar\u00adti\u00adkel<\/a>.<\/p>\n<p>Unser Jugend\u00adblas\u00ador\u00adches\u00adter hatte sich lange darauf gefreut: Auf den Abschluss unse\u00adres Corona-Orches\u00adter\u00adbil\u00addungs\u00adpro\u00adjek\u00adtes, unser <strong>Herbst\u00adkon\u00adzert<\/strong> mit dem Titel \u201cJUBO\u00adNachts\u00adtraum\u201d. Dieses orga\u00adni\u00adsier\u00adten wir am 2. Okto\u00adber im Pau\u00adsen\u00adhof der Grund\u00adschu\u00adle. Erz\u00e4hl\u00adk\u00fcnst\u00adle\u00adrin Anja Koch ent\u00adf\u00fchr\u00adte die G\u00e4ste in eine Welt des Wahn\u00adsinns und der Liebe, musi\u00adka\u00adlisch per\u00adfekt in Szene gesetzt von unse\u00adrer Musi\u00adker\u00adju\u00adgend. Ein unver\u00adgleich\u00adli\u00adcher Abend im stim\u00admungs\u00advol\u00adlen Ambiente!<\/p>\nngg_shortcode_7_placeholder\n<p>Arti\u00adkel zum JUBO Kon\u00adzert im <a href=\"https:\/\/www.blasmusik-hohenkammer.de\/v3\/wp-content\/uploads\/presse\/FT20211014.jpg\" target=\"_blank\" rel=\"noopener\">Frei\u00adsin\u00adger Tag\u00adblatt vom 14. Okto\u00adber&nbsp;2021<\/a><\/p>\n<p>Fol\u00adgen\u00adde Auf\u00adtrit\u00adte spiel\u00adten wir im Herbst in gro\u00dfer Blas\u00admu\u00adsik\u00adbe\u00adset\u00adzung: Ein <strong>hoch\u00adzeit\u00adli\u00adches Wei\u00df\u00adwurst\u00adfr\u00fch\u00adst\u00fcck mit anschlie\u00ad\u00dfen\u00addem Kir\u00adchen\u00adzug<\/strong>,<\/p>\nngg_shortcode_8_placeholder\n<p>eine tra\u00addi\u00adtio\u00adnell baye\u00adri\u00adsche Mucke im licht\u00addurch\u00adflu\u00adte\u00adten, son\u00adni\u00adgen herbst\u00adli\u00adchen <strong>Bier\u00adgar\u00adten<\/strong>,<\/p>\nngg_shortcode_9_placeholder\n<p>den <strong>Ehren\u00adamts\u00ademp\u00adfang<\/strong> der Gemein\u00adde Hohen\u00adkam\u00admer mit Ver\u00adab\u00adschie\u00addung des Alt\u00adb\u00fcr\u00adger\u00admeis\u00adters, und das tra\u00addi\u00adtio\u00adnel\u00adle <strong>Kirch\u00adweih Enten\u00ades\u00adsen<\/strong> im Schloss.<\/p>\n<p style=\"text-align: center\"><strong>***<\/strong><\/p>\n<h3>Auf Weih\u00adnach\u00adten&nbsp;zu<\/h3>\n<h4>Blas\u00admu\u00adsik im 2G-Plus Modus<\/h4>\n<p>Hatten wir im Sommer noch gehofft, dass die Ein\u00adschr\u00e4n\u00adkun\u00adgen f\u00fcr die Lai\u00aden\u00admu\u00adsik nun lang\u00adsam aus\u00adlau\u00adfen w\u00fcrden, so wurden wir eines Bes\u00adse\u00adren belehrt. Im Novem\u00adber erreich\u00adte die Anzahl der Corona-Neu\u00adan\u00adste\u00adckun\u00adgen in Deutsch\u00adland einen neuen H\u00f6chst\u00adstand. Als Reak\u00adti\u00adon darauf galt nun f\u00fcr uns, wie in vielen \u00f6ffent\u00adli\u00adchen Berei\u00adchen, die 2G-Plus Regel.<\/p>\n<p>Wir waren nun gezwun\u00adgen, vor jeder Probe zus\u00e4tz\u00adlich von allen Musi\u00adkern einen aktu\u00adel\u00adlen Test\u00adnach\u00adweis ein\u00adzu\u00adfor\u00addern. Bedenkt man noch, dass sich ver\u00admehrt Per\u00adso\u00adnen in vor\u00adsorg\u00adli\u00adcher Iso\u00adla\u00adti\u00adon befan\u00adden, so ist es ver\u00adwun\u00adder\u00adlich, dass \u00fcber\u00adhaupt noch Proben zustan\u00adde&nbsp;kamen.<\/p>\n<p>\nMit Trau\u00ader\u00admu\u00adsik umrahm\u00adten wir kurz nach Aller\u00adhei\u00adli\u00adgen die <strong>Begr\u00e4b\u00adnis\u00adfei\u00ader von Pfar\u00adrer Johan\u00adnes Thiele<\/strong>. Kurz darauf waren wir noch\u00admals gefor\u00addert zum Got\u00adtes\u00addienst am <strong>Volks\u00adtrau\u00ader\u00adtag<\/strong> und bei der anschlie\u00ad\u00dfen\u00adden Gedenk\u00adfei\u00ader am Krie\u00adger\u00addenk\u00admal. Der St. Mar\u00adtins\u00adum\u00adzug wurde 2021 kurz\u00adfris\u00adtig abgesagt.<\/p>\n<p>In dieser nicht ein\u00adfa\u00adchen Zeit erreich\u00adte uns die Nach\u00adricht des Land\u00adkrei\u00adses Frei\u00adsing, dass unser Jugend\u00adblas\u00ador\u00adches\u00adter f\u00fcr den <strong>Kul\u00adtur\u00adf\u00f6r\u00adder\u00adpreis 2021<\/strong> aus\u00adge\u00adw\u00e4hlt wurde. Eine Moti\u00adva\u00adti\u00adons\u00adsprit\u00adze f\u00fcr unsere Musi\u00adker\u00adju\u00adgend, \u00fcber die wir uns sehr gefreut haben!<\/p>\n<p>Mehr dazu im <a href=\"https:\/\/www.blasmusik-hohenkammer.de\/v3\/wp-content\/uploads\/presse\/FT20211119.jpg\" target=\"_blank\" rel=\"noopener\">Frei\u00adsin\u00adger Tag\u00adblatt vom 19. Novem\u00adber 2021<\/a> und in unse\u00adren <a href=\"https:\/\/www.blasmusik-hohenkammer.de\/v3\/?p=6236\" target=\"_blank\" rel=\"noopener\">aktu\u00adel\u00adlen Ver\u00ad\u00f6f\u00adfent\u00adli\u00adchun\u00adgen<\/a>.<\/p>\n<p>Als Ersatz f\u00fcr den Leben\u00addi\u00adgen Advents\u00adka\u00adlen\u00adder hatte das Team der Nach\u00adbar\u00adschafts\u00adhil\u00adfe unter der Lei\u00adtung von Bri\u00adgit\u00adte Gei\u00adsen\u00adho\u00adfer meh\u00adre\u00adre Aktio\u00adnen auf der Post\u00adwie\u00adse orga\u00adni\u00adsiert. An den vier Advents\u00adsonn\u00adta\u00adgen wurden Geschich\u00adten vor\u00adge\u00adle\u00adsen, Lich\u00adter ange\u00adz\u00fcn\u00addet, kleine Auf\u00adga\u00adben an die Kinder ver\u00adteilt und Lieder gesun\u00adgen. Auch der Niko\u00adlaus kam zu Besuch und nat\u00fcr\u00adlich leis\u00adte\u00adten auch wir mit Blas\u00admu\u00adsik, Dele\u00adga\u00adti\u00adon und&nbsp;JUNO\u2026<\/p>\nngg_shortcode_10_placeholder\n<p>\u2026unse\u00adren musi\u00adka\u00adli\u00adschen Bei\u00adtrag zum <strong>Advent auf der Wies\u2019<\/strong>.<\/p>\n<p>Unser JUBO beglei\u00adte\u00adte dann am Tag vor Hei\u00adlig\u00adabend das gro\u00dfe Finale der Advents\u00adak\u00adtio\u00adnen, das <strong>Weih\u00adnachts\u00adlie\u00adder\u00adsin\u00adgen<\/strong>.<\/p>\n<p>Am 24.12. ver\u00adleg\u00adten wir auf\u00adgrund Regen\u00adwet\u00adters die musi\u00adka\u00adli\u00adsche <strong>Ein\u00adstim\u00admung auf die Christ\u00admet\u00adte<\/strong> kur\u00adzer\u00adhand in die Pfarrkirche.<\/p>\nngg_shortcode_11_placeholder\n<p>Das Musik\u00adjahr endete 2021 mit einem <strong>Auf\u00adtrags-Geburts\u00adtags\u00adst\u00e4nd\u00adchen<\/strong> kurz vor Silvester.<\/p>\n<p style=\"text-align: center\"><strong>***<\/strong><\/p>\n<p>Die Blas\u00admu\u00adsik Hohen\u00adkam\u00admer z\u00e4hlte im Jahr 2021 ins\u00adge\u00adsamt 231 Mit\u00adglie\u00adder. Diese ver\u00adteil\u00adten sich auf 83 aktive Musi\u00adker und 148 f\u00f6r\u00addern\u00adde Mitglieder.<\/p>\n<div id=\"column1of3\"><a href=\"https:\/\/www.blasmusik-hohenkammer.de\/v3\/?page_id=5793\">\u25c4 2020<\/a><\/div>\n<div id=\"column2of3\"><a href=\"https:\/\/www.blasmusik-hohenkammer.de\/v3\/?page_id=22\">\u25b2<\/a><\/div>\n<div id=\"column3of3\"><a href=\"https:\/\/www.blasmusik-hohenkammer.de\/v3\/?page_id=6688\">2022 \u25ba<\/a><\/div>\n","protected":false},"excerpt":{"rendered":"<p>\u25c4 2020 \u25b2 2022 \u25ba Ein Fr\u00fch\u00adjahr im Son\u00adder\u00admo\u00addus Musik im Home\u00adoffice und ein JUBO Orches\u00adter\u00adbil\u00addungs\u00adpro\u00adjekt So hatten wir uns das eigent\u00adlich nicht gedacht. Sollte doch der im Novem\u00adber 2020 aus\u00adge\u00adru\u00adfe\u00adne \u201cLock\u00addown Light\u201d einen ent\u00adspann\u00adten Jah\u00adres\u00adstart 2021 erm\u00f6g\u00adli\u00adchen. Statt\u00addes\u00adsen&nbsp;gab&nbsp;\u2026<\/p>\n<p class=\"read-more\"> <a class=\"more-link\" href=\"https:\/\/www.blasmusik-hohenkammer.de\/v3\/?page_id=6289\"> <span class=\"screen-reader-text\">Das Corona-Jahr 2(021)<\/span> Weiterlesen&nbsp;\u00bb<\/a><\/p>\n","protected":false},"author":1,"featured_media":0,"parent":22,"menu_order":0,"comment_status":"closed","ping_status":"closed","template":"","meta":{"wp_typography_post_enhancements_disabled":false,"ngg_post_thumbnail":0,"footnotes":""},"class_list":["post-6289","page","type-page","status-publish","hentry"],"_links":{"self":[{"href":"https:\/\/www.blasmusik-hohenkammer.de\/v3\/index.php?rest_route=\/wp\/v2\/pages\/6289","targetHints":{"allow":["GET"]}}],"collection":[{"href":"https:\/\/www.blasmusik-hohenkammer.de\/v3\/index.php?rest_route=\/wp\/v2\/pages"}],"about":[{"href":"https:\/\/www.blasmusik-hohenkammer.de\/v3\/index.php?rest_route=\/wp\/v2\/types\/page"}],"author":[{"embeddable":true,"href":"https:\/\/www.blasmusik-hohenkammer.de\/v3\/index.php?rest_route=\/wp\/v2\/users\/1"}],"replies":[{"embeddable":true,"href":"https:\/\/www.blasmusik-hohenkammer.de\/v3\/index.php?rest_route=%2Fwp%2Fv2%2Fcomments&post=6289"}],"version-history":[{"count":23,"href":"https:\/\/www.blasmusik-hohenkammer.de\/v3\/index.php?rest_route=\/wp\/v2\/pages\/6289\/revisions"}],"predecessor-version":[{"id":7153,"href":"https:\/\/www.blasmusik-hohenkammer.de\/v3\/index.php?rest_route=\/wp\/v2\/pages\/6289\/revisions\/7153"}],"up":[{"embeddable":true,"href":"https:\/\/www.blasmusik-hohenkammer.de\/v3\/index.php?rest_route=\/wp\/v2\/pages\/22"}],"wp:attachment":[{"href":"https:\/\/www.blasmusik-hohenkammer.de\/v3\/index.php?rest_route=%2Fwp%2Fv2%2Fmedia&parent=6289"}],"curies":[{"name":"wp","href":"https:\/\/api.w.org\/{rel}","templated":true}]}}