{"id":5182,"date":"2018-04-06T23:39:37","date_gmt":"2018-04-06T21:39:37","guid":{"rendered":"http:\/\/www.blasmusik-hohenkammer.de\/v3\/?page_id=5182"},"modified":"2018-12-30T23:49:42","modified_gmt":"2018-12-30T22:49:42","slug":"datenschutzerklaerung","status":"publish","type":"page","link":"https:\/\/www.blasmusik-hohenkammer.de\/v3\/?page_id=5182","title":{"rendered":"Daten\u00adschutz"},"content":{"rendered":"<p>Die Betrei\u00adber dieser Seiten nehmen den Schutz Ihrer per\u00ads\u00f6n\u00adli\u00adchen Daten sehr ernst. Wir behan\u00addeln Ihre per\u00adso\u00adnen\u00adbe\u00adzo\u00adge\u00adnen Daten ver\u00adtrau\u00adlich und ent\u00adspre\u00adchend der gesetz\u00adli\u00adchen Daten\u00adschutz\u00advor\u00adschrif\u00adten sowie dieser Daten\u00adschutz\u00ader\u00adkl\u00e4\u00adrung. Durch die Nut\u00adzung unse\u00adrer Web\u00adsite erkl\u00e4\u00adren Sie sich mit der Erhe\u00adbung, Ver\u00adar\u00adbei\u00adtung und Nut\u00adzung von Daten gem\u00e4\u00df der nach\u00adfol\u00adgen\u00adden Beschrei\u00adbung einverstanden:<\/p>\n<h2>Ver\u00adant\u00adwort\u00adli\u00adcher<\/h2>\n<p>Blas\u00admu\u00adsik Hohen\u00adkam\u00admer e.V.<\/p>\n<p>1. Vor\u00adsit\u00adzen\u00adder Alois Hummel<br>\nVon-Vequel-Str. 11&nbsp;A<br>\n85411 Hohenkammer<\/p>\n<p>Tele\u00adfon: 08137&nbsp;4761<br>\n<img decoding=\"async\" src=\"https:\/\/www.blasmusik-hohenkammer.de\/v3\/wp-content\/uploads\/mail.png\" align=\"bottom\"> Alois.Hummel <img decoding=\"async\" src=\"https:\/\/www.blasmusik-hohenkammer.de\/v3\/wp-content\/uploads\/monkey.png\" bottom> blasmusik-hohenkammer.de<\/p>\n<h2>Daten\u00ad\u00fcber\u00admitt\u00adlung \/Datenprotokollierung<\/h2>\n<p>Unsere Web\u00adsei\u00adte wird beim Pro\u00advi\u00adder <a href=\"https:\/\/www.hosteurope.de\" target=\"_blank\">Host\u00adEu\u00adro\u00adpe<\/a> gehostet.<\/p>\n<p>Beim Besuch dieser Seite ver\u00adzeich\u00adnet der Web-Server auto\u00adma\u00adtisch Log-Files, die keiner bestimm\u00adten Person zuge\u00adord\u00adnet werden k\u00f6nnen. Diese Daten beinhal\u00adten z. B. den Brow\u00adser\u00adtyp und -ver\u00adsi\u00adon, ver\u00adwen\u00adde\u00adtes Betriebs\u00adsys\u00adtem, Refer\u00adrer URL (die zuvor besuch\u00adte Seite), IP-Adres\u00adse des anfra\u00adgen\u00adden Rech\u00adners, Zugriffs\u00adda\u00adtum und -uhr\u00adzeit der Ser\u00adver\u00adan\u00adfra\u00adge und die Datei\u00adan\u00adfra\u00adge des Client (Datei\u00adna\u00adme und URL). Diese Daten werden nur zum Zweck der sta\u00adtis\u00adti\u00adschen Aus\u00adwer\u00adtung gesam\u00admelt. Eine Wei\u00adter\u00adga\u00adbe an Dritte, zu kom\u00admer\u00adzi\u00adel\u00adlen oder nicht\u00adkom\u00admer\u00adzi\u00adel\u00adlen Zwe\u00adcken, findet nicht&nbsp;statt.<\/p>\n<p>Wir weisen darauf hin, dass die Daten\u00ad\u00fcber\u00adtra\u00adgung im Inter\u00adnet (z.B. bei der Kom\u00admu\u00adni\u00adka\u00adti\u00adon per E-Mail) Sicher\u00adheits\u00adl\u00fc\u00adcken auf\u00adwei\u00adsen kann. Ein l\u00fccken\u00adlo\u00adser Schutz der Daten vor dem Zugriff durch Dritte ist nicht m\u00f6glich.<\/p>\n<h2>News\u00adlet\u00adter<\/h2>\n<p>Wenn Sie den auf der Web\u00adsei\u00adte ange\u00adbo\u00adte\u00adnen News\u00adlet\u00adter bezie\u00adhen m\u00f6ch\u00adten, ben\u00f6\u00adti\u00adgen wir von Ihnen eine E-Mail-Adres\u00adse sowie Infor\u00adma\u00adtio\u00adnen, welche uns die \u00dcber\u00adpr\u00fc\u00adfung gestat\u00adten, dass Sie der Inha\u00adber der ange\u00adge\u00adbe\u00adnen E-Mail-Adres\u00adse und mit dem Emp\u00adfang des News\u00adlet\u00adters ein\u00adver\u00adstan\u00adden&nbsp;sind.<\/p>\n<p>Zur Gew\u00e4hr\u00adleis\u00adtung einer ein\u00adver\u00adst\u00e4nd\u00adli\u00adchen News\u00adlet\u00adter-Ver\u00adsen\u00addung nutzen wir das soge\u00adnann\u00adte Double-Opt-in-Ver\u00adfah\u00adren. Im Zuge dessen l\u00e4sst sich der poten\u00adti\u00adel\u00adle Emp\u00adf\u00e4n\u00adger in einen Ver\u00adtei\u00adler auf\u00adneh\u00admen. Anschlie\u00ad\u00dfend erh\u00e4lt der Nutzer durch eine Best\u00e4\u00adti\u00adgungs-E-Mail die M\u00f6g\u00adlich\u00adkeit, die Anmel\u00addung rechts\u00adsi\u00adcher zu best\u00e4\u00adti\u00adgen. Nur wenn die Best\u00e4\u00adti\u00adgung erfolgt, wird die Adres\u00adse aktiv in den Ver\u00adtei\u00adler aufgenommen.<br>\nDiese Daten ver\u00adwen\u00adden wir aus\u00adschlie\u00df\u00adlich f\u00fcr den Ver\u00adsand der ange\u00adfor\u00adder\u00adten Infor\u00adma\u00adtio\u00adnen und Angebote.<\/p>\n<p>Als News\u00adlet\u00adter Soft\u00adware wird <a href=\"https:\/\/www.newsletter2go.de\" target=\"_blank\">Newsletter2Go<\/a> ver\u00adwen\u00addet. Ihre Daten werden dabei an die Newsletter2Go GmbH \u00fcber\u00admit\u00adtelt. Newsletter2Go ist es dabei unter\u00adsagt, Ihre Daten zu ver\u00adkau\u00adfen und f\u00fcr andere Zwecke, als f\u00fcr den Ver\u00adsand von News\u00adlet\u00adtern zu nutzen. Newsletter2Go ist ein deut\u00adscher, zer\u00adti\u00adfi\u00adzier\u00adter Anbie\u00adter, wel\u00adcher nach den Anfor\u00adde\u00adrun\u00adgen der Daten\u00adschutz-Grund\u00adver\u00adord\u00adnung und des Bun\u00addes\u00adda\u00adten\u00adschutz\u00adge\u00adset\u00adzes aus\u00adge\u00adw\u00e4hlt&nbsp;wurde.<\/p>\n<p>Wei\u00adte\u00adre Infor\u00adma\u00adtio\u00adnen finden Sie hier: <a href=\"https:\/\/www.newsletter2go.de\/informationen-newsletter-empfaenger\/\" target=\"_blank\">https:\/\/www.newsletter2go.de\/informationen-newsletter-empfaenger\/<\/a><br>\nDie erteil\u00adte Ein\u00adwil\u00adli\u00adgung zur Spei\u00adche\u00adrung der Daten, der E-Mail-Adres\u00adse sowie deren Nut\u00adzung zum Ver\u00adsand des News\u00adlet\u00adters k\u00f6nnen Sie jeder\u00adzeit wider\u00adru\u00adfen, etwa \u00fcber den \u201cAbmelden\u201d-Link im Newsletter.<\/p>\n<h2>Google Maps<\/h2>\n<p>Diese Web\u00adsite kann Google Maps zur Dar\u00adstel\u00adlung von Lage\u00adpl\u00e4\u00adnen nutzen. Beim Aufruf eines Lage\u00adplans von Google Maps werden Daten an die Server von Google \u00fcber\u00adtra\u00adgen und dort gespei\u00adchert. Der Betrei\u00adber dieser Seite hat keinen Ein\u00adfluss auf diese Daten\u00fcbertragung.<\/p>\n<p>Die Nut\u00adzung von Google Maps erfolgt im Inter\u00ades\u00adse einer anspre\u00adchen\u00adden Dar\u00adstel\u00adlung unse\u00adrer Online-Ange\u00adbo\u00adte und an einer leich\u00adten Auf\u00adfind\u00adbar\u00adkeit der von uns auf der Web\u00adsite ange\u00adge\u00adbe\u00adnen Orte. Dies stellt ein berech\u00adtig\u00adtes Inter\u00ades\u00adse im Sinne von Art. 6 Abs. 1 lit. f DSGVO&nbsp;dar.<\/p>\n<p>Bei dem Aufruf von Google Maps gelten abwei\u00adchen\u00adde Daten\u00adschutz\u00adbe\u00adstim\u00admun\u00adgen des Unter\u00adneh\u00admen Google. Wei\u00adte\u00adre Infor\u00adma\u00adtio\u00adnen dazu finden Sie unter <a href=\"https:\/\/www.google.com\/intl\/de\/policies\/privacy\/\" target=\"_blank\"> https:\/\/www.google.com\/intl\/de\/policies\/privacy\/<\/a>.<\/p>\n<h2>Google Web&nbsp;Fonts<\/h2>\n<p>Diese Seite nutzt zur ein\u00adheit\u00adli\u00adchen Dar\u00adstel\u00adlung von Schrift\u00adar\u00adten so genann\u00adte Web Fonts, die von Google bereit\u00adge\u00adstellt werden. Beim Aufruf einer Seite l\u00e4dt Ihr Brow\u00adser die ben\u00f6\u00adtig\u00adten Web Fonts in ihren Brow\u00adser\u00adcache, um Texte und Schrift\u00adar\u00adten kor\u00adrekt anzuzeigen.<\/p>\n<p>Zu diesem Zweck muss der von Ihnen ver\u00adwen\u00adde\u00adte Brow\u00adser Ver\u00adbin\u00addung zu den Ser\u00advern von Google auf\u00adneh\u00admen. Hier\u00addurch erlangt Google Kennt\u00adnis dar\u00ad\u00fcber, dass \u00fcber Ihre IP-Adres\u00adse unsere Web\u00adsite auf\u00adge\u00adru\u00adfen wurde. Die Nut\u00adzung von Google Web Fonts erfolgt im Inter\u00ades\u00adse einer ein\u00adheit\u00adli\u00adchen und anspre\u00adchen\u00adden Dar\u00adstel\u00adlung unse\u00adrer Online-Ange\u00adbo\u00adte. Dies stellt ein berech\u00adtig\u00adtes Inter\u00ades\u00adse im Sinne von Art. 6 Abs. 1 lit. f DSGVO&nbsp;dar.<\/p>\n<p>Wenn Ihr Brow\u00adser Web Fonts nicht unter\u00adst\u00fctzt, wird eine Stan\u00addard\u00adschrift von Ihrem Com\u00adpu\u00adter genutzt.<\/p>\n<p>Wei\u00adte\u00adre Infor\u00adma\u00adtio\u00adnen zu Google Web Fonts finden Sie unter <a href=\"https:\/\/developers.google.com\/fonts\/faq\" target=\"_blank\">https:\/\/developers.google.com\/fonts\/faq<\/a> und in der Daten\u00adschutz\u00ader\u00adkl\u00e4\u00adrung von Google: <a href=\"https:\/\/www.google.com\/policies\/privacy\/\" target=\"_blank\">https:\/\/www.google.com\/policies\/privacy\/<\/a>.<\/p>\n<h2>Font Awe\u00adso\u00adme<\/h2>\n<p>Diese Seite nutzt zur ein\u00adheit\u00adli\u00adchen Dar\u00adstel\u00adlung von Schrift\u00adar\u00adten so genann\u00adte Web Fonts, die von Fon\u00adti\u00adcons, Inc. bereit\u00adge\u00adstellt werden. Beim Aufruf einer Seite l\u00e4dt Ihr Brow\u00adser die ben\u00f6\u00adtig\u00adten Web Fonts in ihren Brow\u00adser\u00adcache, um Texte und Schrift\u00adar\u00adten kor\u00adrekt anzuzeigen.<\/p>\n<p>Zu diesem Zweck muss der von Ihnen ver\u00adwen\u00adde\u00adte Brow\u00adser Ver\u00adbin\u00addung zu den Ser\u00advern von Fon\u00adti\u00adcons, Inc. auf\u00adneh\u00admen. Hier\u00addurch erlangt Fon\u00adti\u00adcons, Inc. Kennt\u00adnis dar\u00ad\u00fcber, dass \u00fcber Ihre IP-Adres\u00adse unsere Web\u00adsite auf\u00adge\u00adru\u00adfen wurde. Die Nut\u00adzung von Web Fonts erfolgt im Inter\u00ades\u00adse einer ein\u00adheit\u00adli\u00adchen und anspre\u00adchen\u00adden Dar\u00adstel\u00adlung unse\u00adrer Online-Ange\u00adbo\u00adte. Dies stellt ein berech\u00adtig\u00adtes Inter\u00ades\u00adse im Sinne von Art. 6 Abs. 1 lit. f DSGVO&nbsp;dar.<\/p>\n<p>Wenn Ihr Brow\u00adser Web Fonts nicht unter\u00adst\u00fctzt, wird eine Stan\u00addard\u00adschrift von Ihrem Com\u00adpu\u00adter genutzt.<\/p>\n<p>Wei\u00adte\u00adre Infor\u00adma\u00adtio\u00adnen zu Font Awe\u00adso\u00adme finden Sie unter <a href=\" https:\/\/fontawesome.com\/help\" target=\"_blank\"> https:\/\/fontawesome.com\/help<\/a> und in der Daten\u00adschutz\u00ader\u00adkl\u00e4\u00adrung von Fon\u00adti\u00adcons, Inc.: <a href=\"https:\/\/fontawesome.com\/privacy\" target=\"_blank\"> https:\/\/fontawesome.com\/privacy<\/a>.<\/p>\n<h2>Rechte des Nutzers<\/h2>\n<p>Als Nutzer haben Sie das Recht, auf Antrag eine kos\u00adten\u00adlo\u00adse Aus\u00adkunft dar\u00ad\u00fcber zu erhal\u00adten, welche per\u00adso\u00adnen\u00adbe\u00adzo\u00adge\u00adnen Daten \u00fcber Sie gespei\u00adchert wurden. Au\u00dfer\u00addem haben Sie das Recht auf Berich\u00adti\u00adgung fal\u00adscher Daten und auf die Ver\u00adar\u00adbei\u00adtungs\u00adein\u00adschr\u00e4n\u00adkung oder L\u00f6schung Ihrer per\u00adso\u00adnen\u00adbe\u00adzo\u00adge\u00adnen Daten. Falls zutref\u00adfend, k\u00f6nnen Sie auch Ihr Recht aus Daten\u00adpor\u00adta\u00adbi\u00adli\u00adt\u00e4t gel\u00adtend machen, soweit dies tech\u00adnisch m\u00f6g\u00adlich ist und hier\u00advon nicht die Rechte und Frei\u00adhei\u00adten ande\u00adrer Per\u00adso\u00adnen beein\u00adtr\u00e4ch\u00adtigt werden. Soll\u00adten Sie anneh\u00admen, dass Ihre Daten unrecht\u00adm\u00e4\u00ad\u00dfig ver\u00adar\u00adbei\u00adtet wurden, k\u00f6nnen Sie eine Beschwer\u00adde bei der zust\u00e4n\u00addi\u00adgen Auf\u00adsichts\u00adbe\u00adh\u00f6r\u00adde einreichen.<\/p>\n<h2>L\u00f6schung von&nbsp;Daten<\/h2>\n<p>Als Nutzer haben Sie ein Anrecht auf L\u00f6schung Ihrer Daten, sofern dies nicht mit einer gesetz\u00adli\u00adchen Pflicht zur Auf\u00adbe\u00adwah\u00adrung von Daten kol\u00adli\u00addiert. Von uns gespei\u00adcher\u00adte Daten werden gel\u00f6scht, soll\u00adten diese f\u00fcr ihre Zweck\u00adbe\u00adstim\u00admung nicht mehr not\u00adwen\u00addig sein oder es keine gesetz\u00adli\u00adche Auf\u00adbe\u00adwah\u00adrungs\u00adfris\u00adten gibt. Falls eine L\u00f6schung nicht m\u00f6g\u00adlich ist, da die Daten f\u00fcr zul\u00e4s\u00adsi\u00adge gesetz\u00adli\u00adche Zwecke erfor\u00adder\u00adlich sind, erfolgt eine Ein\u00adschr\u00e4n\u00adkung der Daten\u00adver\u00adar\u00adbei\u00adtung. In diesem Fall werden die Daten gesperrt und nicht mehr f\u00fcr andere Zwecke verarbeitet.<\/p>\n<h2>Wider\u00adspruchs\u00adrecht<\/h2>\n<p>Nutzer dieser Web\u00adsei\u00adte k\u00f6nnen von ihrem Wider\u00adspruchs\u00adrecht Gebrauch machen und der Ver\u00adar\u00adbei\u00adtung ihrer per\u00adso\u00adnen\u00adbe\u00adzo\u00adge\u00adnen Daten zu jeder Zeit wider\u00adspre\u00adchen. Wenn Sie eine Berich\u00adti\u00adgung, Sper\u00adrung, L\u00f6schung oder Aus\u00adkunft \u00fcber die zu Ihrer Person gespei\u00adcher\u00adten per\u00adso\u00adnen\u00adbe\u00adzo\u00adge\u00adnen Daten w\u00fcn\u00adschen oder Fragen bzgl. der Erhe\u00adbung, Ver\u00adar\u00adbei\u00adtung oder Ver\u00adwen\u00addung Ihrer per\u00adso\u00adnen\u00adbe\u00adzo\u00adge\u00adnen Daten haben oder erteil\u00adte Ein\u00adwil\u00adli\u00adgun\u00adgen wider\u00adru\u00adfen m\u00f6ch\u00adten, wenden Sie sich bitte an den oben oben ange\u00adge\u00adbe\u00adnen Kontakt.<\/p>\n<h2>\u00c4nde\u00adrun\u00adgen dieser Datenschutzbestimmungen<\/h2>\n<p>Wir werden diese Richt\u00adli\u00adni\u00aden zum Schutz Ihrer per\u00ads\u00f6n\u00adli\u00adchen Daten von Zeit zu Zeit aktua\u00adli\u00adsie\u00adren. Sie soll\u00adten sich diese Richt\u00adli\u00adni\u00aden gele\u00adgent\u00adlich anse\u00adhen, um auf dem Lau\u00adfen\u00adden dar\u00ad\u00fcber zu blei\u00adben, wie wir Ihre Daten sch\u00fct\u00adzen und die Inhal\u00adte unse\u00adrer Web\u00adsite stetig ver\u00adbes\u00adsern. Soll\u00adten wir wesent\u00adli\u00adche \u00c4nde\u00adrun\u00adgen bei der Samm\u00adlung, der Nut\u00adzung und\/oder der Wei\u00adter\u00adga\u00adbe der uns von Ihnen zur Ver\u00adf\u00fc\u00adgung gestell\u00adten per\u00adso\u00adnen\u00adbe\u00adzo\u00adge\u00adnen Daten vor\u00adneh\u00admen, werden wir Sie durch einen ein\u00addeu\u00adti\u00adgen und gut sicht\u00adba\u00adren Hin\u00adweis auf der Web\u00adsite darauf auf\u00admerk\u00adsam machen.<\/p>\n<p>Bei Fragen zu diesen Daten\u00adschutz\u00adbe\u00adstim\u00admun\u00adgen wenden Sie sich bitte per E-Mail an&nbsp;uns.<\/p>\n<p>Die Daten\u00adschutz\u00ader\u00adkl\u00e4\u00adrung zu unse\u00adrer Face\u00adbook Fan\u00adsei\u00adte finden Sie <a href=\"https:\/\/www.blasmusik-hohenkammer.de\/v3\/?page_id=5422\" target=\"_blank\">hier<\/a>.<\/p>\n","protected":false},"excerpt":{"rendered":"<p>Die Betrei\u00adber dieser Seiten nehmen den Schutz Ihrer per\u00ads\u00f6n\u00adli\u00adchen Daten sehr ernst. Wir behan\u00addeln Ihre per\u00adso\u00adnen\u00adbe\u00adzo\u00adge\u00adnen Daten ver\u00adtrau\u00adlich und ent\u00adspre\u00adchend der gesetz\u00adli\u00adchen Daten\u00adschutz\u00advor\u00adschrif\u00adten sowie dieser Daten\u00adschutz\u00ader\u00adkl\u00e4\u00adrung. Durch die Nut\u00adzung unse\u00adrer Web\u00adsite erkl\u00e4\u00adren Sie sich mit der Erhe\u00adbung, Ver\u00adar\u00adbei\u00adtung und Nutzung&nbsp;\u2026<\/p>\n<p class=\"read-more\"> <a class=\"more-link\" href=\"https:\/\/www.blasmusik-hohenkammer.de\/v3\/?page_id=5182\"> <span class=\"screen-reader-text\">Daten\u00adschutz<\/span> Weiterlesen&nbsp;\u00bb<\/a><\/p>\n","protected":false},"author":1,"featured_media":0,"parent":0,"menu_order":0,"comment_status":"closed","ping_status":"closed","template":"","meta":{"wp_typography_post_enhancements_disabled":false,"ngg_post_thumbnail":0,"footnotes":""},"class_list":["post-5182","page","type-page","status-publish","hentry"],"_links":{"self":[{"href":"https:\/\/www.blasmusik-hohenkammer.de\/v3\/index.php?rest_route=\/wp\/v2\/pages\/5182","targetHints":{"allow":["GET"]}}],"collection":[{"href":"https:\/\/www.blasmusik-hohenkammer.de\/v3\/index.php?rest_route=\/wp\/v2\/pages"}],"about":[{"href":"https:\/\/www.blasmusik-hohenkammer.de\/v3\/index.php?rest_route=\/wp\/v2\/types\/page"}],"author":[{"embeddable":true,"href":"https:\/\/www.blasmusik-hohenkammer.de\/v3\/index.php?rest_route=\/wp\/v2\/users\/1"}],"replies":[{"embeddable":true,"href":"https:\/\/www.blasmusik-hohenkammer.de\/v3\/index.php?rest_route=%2Fwp%2Fv2%2Fcomments&post=5182"}],"version-history":[{"count":12,"href":"https:\/\/www.blasmusik-hohenkammer.de\/v3\/index.php?rest_route=\/wp\/v2\/pages\/5182\/revisions"}],"predecessor-version":[{"id":5429,"href":"https:\/\/www.blasmusik-hohenkammer.de\/v3\/index.php?rest_route=\/wp\/v2\/pages\/5182\/revisions\/5429"}],"wp:attachment":[{"href":"https:\/\/www.blasmusik-hohenkammer.de\/v3\/index.php?rest_route=%2Fwp%2Fv2%2Fmedia&parent=5182"}],"curies":[{"name":"wp","href":"https:\/\/api.w.org\/{rel}","templated":true}]}}