{"id":3348,"date":"2017-02-10T15:08:44","date_gmt":"2017-02-10T14:08:44","guid":{"rendered":"http:\/\/www.blasmusik-hohenkammer.de\/v3\/?page_id=3348"},"modified":"2018-06-25T17:50:27","modified_gmt":"2018-06-25T15:50:27","slug":"das-musikjahr-2017","status":"publish","type":"page","link":"https:\/\/www.blasmusik-hohenkammer.de\/v3\/?page_id=3348","title":{"rendered":"Das Musik\u00adjahr&nbsp;2017"},"content":{"rendered":"<div id=\"column1of3\"><a href=\"https:\/\/www.blasmusik-hohenkammer.de\/v3\/?page_id=3015\">\u25c4 2016<\/a><\/div>\n<div id=\"column2of3\"><a href=\"https:\/\/www.blasmusik-hohenkammer.de\/v3\/?page_id=22\">\u25b2<\/a><\/div>\n<div id=\"column3of3\"><a href=\"https:\/\/www.blasmusik-hohenkammer.de\/v3\/?page_id=5191\">2018 \u25ba<\/a><\/div>\n<h3>BBC Bri\u00adtish Blas\u00admu\u00adsik Channel<\/h3>\n<h4>Neu\u00adjahrs-Sere\u00adna\u00adde<\/h4>\n<p>Was f\u00e4llt Ihnen ein, wenn Sie an Gro\u00df\u00adbri\u00adtan\u00adni\u00aden denken? \u201cFu\u00df\u00adball, Brexit, das K\u00f6nigs\u00adhaus, Pubs, Wil\u00adliam Shake\u00adspeare oder viel\u00adleicht sogar James Bond?\u201d Unsere nun schon zehnte Blas\u00admu\u00adsik-Sere\u00adna\u00adde stand unter dem Motto \u201cBri\u00adtish Blas\u00admu\u00adsik Chan\u00adnel\u201d und ent\u00adf\u00fchr\u00adte unser Publi\u00adkum ins ver\u00adei\u00adnig\u00adte K\u00f6nig\u00adreich. Helmut Frank hat zu diesem Thema abwechs\u00adlungs\u00adrei\u00adche Musik\u00adti\u00adtel zusam\u00admen\u00adge\u00adstellt und mit uns einstudiert.<\/p>\n<p>Und so hie\u00df es am 8.Januar \u201c<strong>Hello and wel\u00adco\u00adme to BBC World\u00adnews!<\/strong>\u201d<\/p>\nngg_shortcode_0_placeholder\n<p>Wir began\u00adnen das Kon\u00adzert mit der <strong>Pic\u00adca\u00addil\u00adly Fan\u00adfa\u00adre<\/strong> von Johan Nijs, der sich f\u00fcr dieses Musik\u00adst\u00fcck von der Lon\u00addo\u00adner U-Bahn, spe\u00adzi\u00adell der Pic\u00adca\u00addil\u00adly Line inspi\u00adrie\u00adren lie\u00df. Im Anschluss folgte der <strong>erste Satz der Feu\u00ader\u00adwerks\u00admu\u00adsik<\/strong> von Georg Fried\u00adrich H\u00e4ndel. Die Urauf\u00adf\u00fch\u00adrung dieses Werkes ver\u00adur\u00adsach\u00adte 1749 den wohl ersten Ver\u00adkehrs\u00adstau der Geschich\u00adte auf der London Bridge durch hohes \u201cKut\u00adschen\u00adauf\u00adkom\u00admen\u201d. Nat\u00fcr\u00adlich durfte auch ein <strong>Medley der Beat\u00adles<\/strong> nicht fehlen. Die wohl bekann\u00adtes\u00adte Ver\u00adsi\u00adon des tra\u00addi\u00adtio\u00adnel\u00adlen eng\u00adli\u00adschen Volks\u00adlie\u00addes <strong>Scar\u00adbo\u00adrough Fair<\/strong> ent\u00adf\u00fchr\u00adte uns dann in einer Bear\u00adbei\u00adtu\u00adung von Heinz Brie\u00adgel zur\u00fcck ins Mit\u00adtel\u00adal\u00adter. Dieses besinn\u00adli\u00adche St\u00fcck erz\u00e4hlt von einem Lie\u00adbes\u00adpaar, das nicht zusam\u00admen finden kann. Mit <strong>Miss Marple\u2019s Theme<\/strong> in einem Arran\u00adge\u00adment von Man\u00adfred Schnei\u00adder wurde es dann wieder lus\u00adti\u00adger. Miss Marple, alias Gabi Moos\u00adbur\u00adger erschien per\u00ads\u00f6n\u00adlich auf der B\u00fchne, l\u00f6ste das R\u00e4tsel um einen ver\u00adschwun\u00adde\u00adnen Takt\u00adstock und sorgte f\u00fcr viel Gel\u00e4ch\u00adter. Und zu guter Letzt bega\u00adben wir uns dann mit <strong>Robin Hood, Prince of Thie\u00adves<\/strong> (Arr. Erik Debs) noch in den Sher\u00adwood Forest.<\/p>\n<p>Eine beson\u00adde\u00adre Ehre war f\u00fcr uns, dass die Queen h\u00f6chst\u00adper\u00ads\u00f6n\u00adlich in einer Live\u00adschal\u00adtung ihre k\u00f6nig\u00adli\u00adchen Gr\u00fc\u00dfe \u00fcber\u00admit\u00adtel\u00adte. Diese gingen auf\u00adgrund eines Ver\u00adst\u00e4n\u00addi\u00adgungs\u00adpro\u00adblems aller\u00addings nach \u201cHo-Ho-Kame\u00adrun\u201d \u2014 na ja, klingt ja fast wie Hohenkammer.<br>\nEin\u00adge\u00adrahmt wurde das Pro\u00adgramm von (nicht ganz ernst gemein\u00adten) Nach\u00adrich\u00adten\u00admel\u00addun\u00adgen unse\u00adrer beiden Spre\u00adcher Agnes Burg\u00adhardt und Nils Siebert.<\/p>\n<p>Eine ver\u00adgn\u00fcg\u00adli\u00adche Stunde, die wir so schnell nicht ver\u00adges\u00adsen werden!<\/p>\nngg_shortcode_1_placeholder\n<p>Wei\u00adte\u00adre Bilder finden Sie in unse\u00adrem <a href=\"https:\/\/www.blasmusik-hohenkammer.de\/v3\/?page_id=2987\"> Foto\u00adal\u00adbum<\/a>.<br>Hier der Pres\u00adse\u00adar\u00adti\u00adkel zur Sere\u00adna\u00adde: <a href=\"https:\/\/www.blasmusik-hohenkammer.de\/v3\/wp-content\/uploads\/presse\/FT20170111.jpg\" target=\"_blank\">Frei\u00adsin\u00adger Tag\u00adblatt vom 11. Januar 2017<\/a><\/p>\n<p style=\"text-align: center\"><strong>***<\/strong><\/p>\n<h3>Blas\u00admu\u00adsik in allen Lebenslagen<\/h3>\n<h4>Vom Flie\u00adgen, Wall\u00adfah\u00adren und Sporteln<\/h4>\n<p>Anfang April \u201clan\u00adde\u00adte\u201d auf Schloss Hohen\u00adkam\u00admer eine inter\u00adna\u00adtio\u00adna\u00adle Abord\u00adnung der Luft\u00adhan\u00adsa. Und wie sollte es anders sein, nat\u00fcr\u00adlich geh\u00f6r\u00adte zum Rah\u00admen\u00adpro\u00adgramm der Tagung auch ein <strong>bai\u00adri\u00adscher Abend in der Alten Gale\u00adrie<\/strong>, nat\u00fcr\u00adlich mit Blas\u00admu\u00adsik vom Feins\u00adten. Und manche Musi\u00adker pack\u00adten sogar ihre Eng\u00adlisch\u00adkennt\u00adnis\u00adse aus und locker\u00adten damit die Stim\u00admung zus\u00e4tz\u00adlich&nbsp;auf&nbsp;;-).<\/p>\n<p>Weiter ging es am 23.April mit dem <strong>Krie\u00adger\u00adjahr\u00adtag<\/strong>, tra\u00addi\u00adtio\u00adnell mit der Franz Schu\u00adbert Messe, Krie\u00adger\u00adeh\u00adrung am Mahn\u00admal und Umzug zum Sport\u00adheim.<br> <br>\nZm <strong>Sai\u00adson\u00adstart im Schloss\u00adbier\u00adgar\u00adten<\/strong> am Vortag des 1. Mai strahl\u00adte die Fr\u00fch\u00adlings\u00adson\u00adne. Aller\u00addings konnte man bei 16 Grad und etwas Wind durch\u00adaus Besu\u00adcher mit Decken auf den Beinen erbli\u00adcken, die sich aller\u00addings den Spa\u00df nicht ver\u00adder\u00adben lie\u00dfen. Und noch einen zwei\u00adten <strong>musi\u00adka\u00adli\u00adschen Fr\u00fch\u00adschop\u00adpen<\/strong> in Schloss\u00adgar\u00adten gab es am 21.Mai. Das war\u2019s dann aber leider schon mit Frei\u00adluft\u00adbier\u00adgar\u00adten\u00admu\u00adsik f\u00fcr 2017, denn die wei\u00adte\u00adren geplan\u00adten Ter\u00admi\u00adne fielen buch\u00adst\u00e4b\u00adlich ins Wasser.<\/p>\nngg_shortcode_2_placeholder\n<p>Am Pfingst\u00adsonn\u00adtag gestal\u00adte\u00adten ein Bl\u00e4\u00adser\u00adquar\u00adtett zusam\u00admen mit dem Kir\u00adchen\u00adchor die <strong>Pfingst\u00admes\u00adse<\/strong>. Josef Ilg hatte zur Feier des Tages die Missa brevis in B-Dur von Chris\u00adto\u00adpher Tambling ausgew\u00e4hlt.<\/p>\n<p>Es folgte der <strong>Fron\u00adleich\u00adnam\u00ads\u00adum\u00adzug<\/strong> und das <strong>Sch\u00fct\u00adzen\u00adgrill\u00adfest<\/strong> im Pau\u00adsen\u00adhof der Grund\u00adschu\u00adle. Die Stim\u00admung am Nach\u00admit\u00adtag war nicht nur bei den G\u00e4sten bes\u00adtens. Wie man auf dem fol\u00adgen\u00adden Bild unschwer erken\u00adnen kann, lie\u00dfen sich auch einige der Musi\u00adker zu einem beson\u00adde\u00adren Spa\u00df hin\u00adrei\u00ad\u00dfen und \u201ctschiep\u00adten\u201d in schwind\u00adli\u00adgen H\u00f6hen ein Geburtstagsst\u00e4ndchen.<\/p>\nngg_shortcode_3_placeholder\n<p>Am 2. Juli lud die Kir\u00adchen\u00adge\u00admein\u00adde St. Johan\u00adnes Hohen\u00adkam\u00admer zur tra\u00addi\u00adtio\u00adnel\u00adlen <strong>Fu\u00df\u00adwall\u00adfahrt nach M\u00fchl\u00addorf<\/strong> zur Fili\u00adal\u00adkir\u00adche St. Ulrich. Diese Wall\u00adfahrt reicht zur\u00fcck bis ca. 1600 und hat sich bis heute erhal\u00adten. Viele der Teil\u00adneh\u00admer sch\u00e4t\u00adzen die beson\u00adde\u00adre Atmo\u00adsph\u00e4\u00adre am Morgen, auch wenn das fr\u00fche Auf\u00adste\u00adhen \u00dcber\u00adwin\u00addung kostet. Der Abschluss\u00adgot\u00adtes\u00addienst wird tra\u00addi\u00adtio\u00adnell mit Bl\u00e4\u00adser\u00admu\u00adsik gestaltet.<\/p>\n<p>Das <strong>Dellnhau\u00adser Volks\u00admu\u00adsik\u00adfest<\/strong> in Au in der Hal\u00adler\u00adtau wird von Micha\u00adel Eber\u00adwein alle zwei Jahre orga\u00adni\u00adsiert. Wir waren bereits zum vier\u00adten Mal dabei mit einem Ohren\u00adschmaus aus alt\u00adbai\u00adri\u00adscher und b\u00f6h\u00admi\u00adscher Blas\u00admu\u00adsik auf der B\u00fchne am Markt\u00adplatz. Trotz einem Regen\u00adschau\u00ader zu Beginn war die Stim\u00admung famos. Wir genie\u00ad\u00dfen diesen Auf\u00adtritt immer wieder auch des\u00adhalb, weil er Gele\u00adgen\u00adheit gibt, den vielen ande\u00adren Musik\u00adgrup\u00adpen zuzu\u00adh\u00f6\u00adren oder ein\u00adfach einen Bummel \u00fcber den ein Kunst- und Hand\u00adwer\u00adker\u00admarkt zu unter\u00adneh\u00admen. Als beson\u00adde\u00adres High\u00adlight freu\u00adten sich manche auch auf den Auf\u00adtritt der Kapel\u00adle Josef Menzl am&nbsp;Abend.<\/p>\n<p>ngg_shortcode_4_placeholder<br>\nngg_shortcode_5_placeholder<\/p>\n<p>Hier ein Bericht zum Volks\u00admu\u00adsik\u00adfest im Frei\u00adsin\u00adger Tag\u00adblatt vom 10. Juli 2017 <a href=\"https:\/\/www.merkur.de\/lokales\/freising\/au-hallertau-ort114700\/dellnhauser-volksmusikfest-in-liebe-zur-musik-vereint-8469909.html\" target=\"_blank\">(exter\u00adner&nbsp;Link)<\/a><\/p>\n<p><strong>70 Jahre SVH:<\/strong> Der Sport\u00adver\u00adein Hohen\u00adkam\u00admer bil\u00adde\u00adte sich 1947 in den Jahren nach dem zwei\u00adten Welt\u00adkrieg. Seine Gr\u00fcn\u00addung j\u00e4hrte sich 2017 somit zum 70ten mal und das war nat\u00fcr\u00adlich ein gro\u00dfes Fest wert. Das zwei Tage dau\u00adern\u00adde Fest\u00adpro\u00adgramm beinhal\u00adte\u00adte viele H\u00f6he\u00adpunk\u00adte, wie z.B. das Stock\u00adsch\u00fct\u00adzen Gaudi Tur\u00adnier (bei dem der \u201cMusi-Trupp\u201d nicht den letz\u00adten Platz beleg\u00adte!), eine SVH-Olym\u00adpia\u00adde f\u00fcr Kinder und Jugend\u00adli\u00adche und einen feucht\u00adfr\u00f6h\u00adli\u00adchen Fest\u00adbe\u00adtrieb.<br> <br>\nNach dem Fest\u00adgot\u00adtes\u00addienst am Sonn\u00adtag zog der Sport\u00adver\u00adein mit all seinen G\u00e4sten zur Mehr\u00adzweck\u00adhal\u00adle, voran die Blas\u00admu\u00adsik Hohen\u00adkam\u00admer. Dort gab es dann ein kr\u00e4f\u00adti\u00adges Mit\u00adtag\u00adessen, nat\u00fcr\u00adlich Ehrun\u00adgen, eine Zumba-Ein\u00adla\u00adge und viel&nbsp;Musik.<\/p>\nngg_shortcode_6_placeholder\n<p>Kurz vor der Som\u00admer\u00adpau\u00adse gaben wir dann in Voll\u00adbe\u00adset\u00adzung noch\u00admals unser Bestes zum <strong>Volks\u00adfest\u00adaus\u00adklang in Aller\u00ads\u00adhau\u00adsen<\/strong>. Der Auf\u00adtritt war ange\u00adsetzt von 16 bis 22 Uhr. Sechs Stun\u00adden Blas\u00admu\u00adsik im Fest\u00adzelt erfor\u00addern H\u00f6chst\u00adleis\u00adtung. Aber wir hatten uns ja durch die bis\u00adhe\u00adri\u00adgen Auf\u00adtrit\u00adte im Sommer eine gute Kon\u00addi\u00adti\u00adon erar\u00adbei\u00adtet und meis\u00adter\u00adten die Her\u00adaus\u00adfor\u00adde\u00adrung mit Bravour.<\/p>\n<p>ngg_shortcode_7_placeholder<br>\nngg_shortcode_8_placeholder<\/p>\n<p>Unsere Moti\u00adva\u00adti\u00adon sank aller\u00addings etwas, als schon w\u00e4h\u00adrend der letz\u00adten musi\u00adka\u00adli\u00adschen Dar\u00adbie\u00adtun\u00adgen die Tische abge\u00adbaut wurden.<\/p>\nngg_shortcode_9_placeholder\n<p style=\"text-align: center\"><strong>***<\/strong><\/p>\n<h3>Som\u00admer\u00adfe\u00adri\u00aden\u00adpro\u00adgramm&nbsp;2017<\/h3>\n<h4>H\u00e4tten Sie\u2019s gewusst?<\/h4>\n<p>Unsere <strong>musi\u00adka\u00adli\u00adsche Ferien-Rallye<\/strong> f\u00fchrte uns quer durch Hohen\u00adkam\u00admer zu ver\u00adschie\u00adde\u00adnen Sta\u00adtio\u00adnen mit Musik, Tanz und Gesang. \u201cWie viele Pfei\u00adfen hat die Orgel in der Pfarr\u00adkir\u00adche?\u201d oder \u201cWie lange ist eine Tuba, wenn man sie abwi\u00adckelt?\u201d waren Fragen, die es zu l\u00f6sen galt. Am Ende ergab sich ein L\u00f6sungs\u00adwort und nat\u00fcr\u00adlich wurde der per\u00ads\u00f6n\u00adli\u00adche Ein\u00adsatz auch mit Prei\u00adsen belohnt. Ins\u00adge\u00adsamt 12 Kinder hatten sich ange\u00admel\u00addet und gerne haben wir das all\u00adge\u00admei\u00adne Feri\u00aden\u00adpro\u00adgramm der Gemein\u00adde auch 2017 wieder bereichert.<\/p>\nngg_shortcode_10_placeholder\n<p style=\"text-align: center\"><strong>***<\/strong><\/p>\n<h3>Blas\u00admu\u00adsik-Aus\u00adflug in das N\u00f6rd\u00adlin\u00adger&nbsp;Ries<\/h3>\n<h4>Auf den Spuren einer kos\u00admi\u00adschen Katastrophe<\/h4>\n<div id=\"picleft\">ngg_shortcode_11_placeholder<\/div>\n<p>Nein, ein Meteo\u00adrit ist uns im N\u00f6rd\u00adlin\u00adger Ries nicht auf den Kopf gefal\u00adlen, daf\u00fcr aber eine geh\u00f6\u00adri\u00adge Menge Regen. Wir haben uns dadurch aber den Spa\u00df nicht ver\u00adder\u00adben lassen und das kleine, kreis\u00adrun\u00adde St\u00e4dt\u00adchen zu Fu\u00df erkun\u00addet. Nach der Stadt\u00adf\u00fch\u00adrung haben manche dann die Gele\u00adgen\u00adheit genutzt und den 900 Meter! hohen Kirch\u00adturm Daniel erklom\u00admen (Insi\u00adder). Alter\u00adna\u00adtiv gab es die M\u00f6g\u00adlich\u00adkeit zu einem gem\u00fct\u00adli\u00adchen Kaffee in der warmen Stube oder zu einem Besuch des geo\u00adlo\u00adgi\u00adschen Muse\u00adums auf den Spuren der kos\u00admi\u00adschen Kata\u00adstro\u00adphe vor 14,5 Mil\u00adlio\u00adnen Jahren.<br> <br>\nNach\u00admit\u00adtags besich\u00adtig\u00adten wir dann die Burg Har\u00adburg, eine umfang\u00adrei\u00adche mit\u00adtel\u00adal\u00adter\u00adli\u00adche Anlage aus dem 11.\/12. Jahr\u00adhun\u00addert und nat\u00fcr\u00adlich lie\u00dfen wir den Tag mit einem guten Essen und Musik aus\u00adklin\u00adgen. Daf\u00fcr machte der Bus dann auf der Heim\u00adfahrt noch\u00admals halt in Hohen\u00adwart beim Metzgerbr\u00e4u.<\/p>\n<p style=\"text-align: center\"><strong>***<\/strong><\/p>\n<h3>Blas\u00admu\u00adsik im Herbst und Winter<\/h3>\n<h4>\u2026 und etwas Thea\u00adter ums Theater<\/h4>\n<p>F\u00fcr unsere Musi\u00adker stand der Herbst wieder ganz im Zei\u00adchen der Kon\u00adzert\u00advor\u00adbe\u00adrei\u00adtung f\u00fcr die Neu\u00adjahrs-Sere\u00adna\u00adde unter dem Arbeits\u00adti\u00adtel: \u201cAlles Thea\u00adter\u201d. Dies bedeu\u00adte\u00adte  wieder viele neue Noten und nat\u00fcr\u00adlich auch inten\u00adsi\u00adves h\u00e4us\u00adli\u00adches Stu\u00addi\u00adum. Au\u00dfer\u00addem war es span\u00adnend zu erle\u00adben, ob das Zusam\u00admen\u00adwir\u00adken von Blas\u00admu\u00adsik und Chor (als Gast\u00adgrup\u00adpe hatte der Lie\u00adder\u00adhort Fide\u00adli\u00adtas zuge\u00adsagt) funk\u00adtio\u00adniert. Und nat\u00fcr\u00adlich gab es auch wieder meh\u00adre\u00adre Krea\u00adtiv-Ses\u00adsi\u00adons, denn auch das Rah\u00admen\u00adpro\u00adgramm, B\u00fch\u00adnen\u00adbild, Mode\u00adra\u00adti\u00adon, Musi\u00adker\u00adklei\u00addung, usw. muss\u00adten geplant werden.<br>\nHier ein Ein\u00addruck von einer Gesamt\u00adpro\u00adbe im Musik\u00adraum der Grundschule<\/p>\nngg_shortcode_12_placeholder\n<p>Auf\u00adtrit\u00adte im Herbst hatten wir beim <strong>Pfarr\u00adfest in der Mehr\u00adzweck\u00adhal\u00adle<\/strong>,<\/p>\nngg_shortcode_13_placeholder\n<p>beim <strong>Kirch\u00adwei\u00adhe\u00ads\u00adsen auf Schloss Hohen\u00adkam\u00admer<\/strong> und beim <strong>Volks\u00adtrau\u00ader\u00adtag<\/strong> mit Got\u00adtes\u00addienst und Umzug zum Krie\u00adger\u00addenk\u00admal.<br> <br>\nAm 1. Dezem\u00adber \u00f6ff\u00adne\u00adten wir im Schloss\u00adhof das erste <strong>Advents\u00adt\u00fcr\u00adchen<\/strong> und stimm\u00adten die Besu\u00adcher mit Advents\u00adlie\u00addern auf die bevor\u00adste\u00adhen\u00adde Zeit der weih\u00adnacht\u00adli\u00adchen Vor\u00adbe\u00adrei\u00adtung ein. Gerne beglei\u00adte\u00adten wir auch die <strong>Weih\u00adnachts\u00adfei\u00ader der frei\u00adwil\u00adli\u00adgen Feu\u00ader\u00adwehr Hohen\u00adkam\u00admer<\/strong> und das <strong>Weih\u00adnachts\u00adbla\u00adsen vor der Christ\u00admet\u00adte<\/strong> war nat\u00fcr\u00adlich wieder \u201cEhren\u00adsa\u00adche\u201d.<\/p>\n<p style=\"text-align: center\"><strong>***<\/strong><\/p>\n<h3>Was sonst noch los&nbsp;war<\/h3>\n<h4>Geburts\u00adta\u00adge, Wei\u00df\u00adwurst\u00adfr\u00fch\u00adst\u00fc\u00adcke und Sommerfest<\/h4>\n<p>Neben den \u00f6ffent\u00adli\u00adchen Auf\u00adtrit\u00adten gab es 2017 auch wieder einige spon\u00adta\u00adne Gigs, Geburts\u00adtags\u00adst\u00e4nd\u00adchen und musi\u00adka\u00adli\u00adsche \u00dcber\u00adra\u00adschun\u00adgen, wie hier z.B. im Has\u00adlang\u00adkel\u00adler im Schloss:<\/p>\nngg_shortcode_14_placeholder\n<p>Pri\u00adva\u00adte Hoch\u00adzeits\u00adfr\u00fch\u00adst\u00fc\u00adcke umr\u00adam\u00adten wir in Paunz\u00adhau\u00adsen, Fah\u00adrenz\u00adhau\u00adsen und im Haberhof.<\/p>\n<p>Ein Novum war 2017 die Online \u00dcber\u00admitt\u00adlung von musi\u00adka\u00adli\u00adschen Geburts\u00adtags\u00adgr\u00fc\u00ad\u00dfen, direkt aus dem Pro\u00adben\u00adraum zu einem Ver\u00adeins\u00admit\u00adglied im Frankenland.<\/p>\nngg_shortcode_15_placeholder\n<p>Die heu\u00adti\u00adgen elek\u00adtro\u00adni\u00adschen Medien machen es m\u00f6g\u00adlich! Und f\u00fcr die Musi\u00adker selbst gab es im Sep\u00adtem\u00adber ein nach\u00adge\u00adzo\u00adge\u00adnes Som\u00admer\u00adfest. Dieses aller\u00addings tra\u00addi\u00adtio\u00adnell ohne Blas\u00admu\u00adsik, trotz der vielen Musi\u00adker. Klingt komisch, ist aber&nbsp;so!<\/p>\n<p style=\"text-align: center\"><strong>***<\/strong><\/p>\n<h3>Unser JUBO&nbsp;2017<\/h3>\n<h4>Fan\u00adtas\u00adti\u00adsche Klangwelten<\/h4>\n<p>2017 bestand das JUBO aus 24 Kin\u00addern und Jugend\u00adli\u00adchen zwi\u00adschen 11 und 19 Jahren und aus bis zu sieben enga\u00adgier\u00adten Hel\u00adfern aus der \u201cgro\u00dfen\u201d Blas\u00admu\u00adsik.<br> <br>\nF\u00fcr unse\u00adren ersten Auf\u00adtritt 2017 am <strong>Senio\u00adren\u00adnach\u00admit\u00adtag der Pfar\u00adrei und der Gemein\u00adde Hohen\u00adkam\u00admer<\/strong> berei\u00adte\u00adten wir wieder ganz spe\u00adzi\u00adel\u00adle High\u00adlights vor. Ganz ohne Noten, aus\u00adwen\u00addig spie\u00adlend und mit Gesang zogen wir in die Halle ein: \u201cWir ham koa Geld, heut muas da Pfarra zahl\u2019n\u201d! Ganz still wurde es beim Solo\u00adst\u00fcck f\u00fcr Blas\u00ador\u00adches\u00adter und Block\u00adfl\u00f6\u00adte \u201cFio\u00adrel\u00adli\u00adna\u201d von Pavel Stanek. Aber nat\u00fcr\u00adlich kam auch die tra\u00addi\u00adtio\u00adnel\u00adle bai\u00adri\u00adsche Musik nicht zu&nbsp;kurz.<\/p>\nngg_shortcode_16_placeholder\n<p>Einen zwei\u00adten gro\u00dfen Auf\u00adtritt mit sogar zwei Stun\u00adden Musik\u00adpro\u00adgramm durf\u00adten wir uns Anfang Juli freuen. Der Krie\u00adger und Sol\u00adda\u00adten\u00adver\u00adein Hohen\u00adkam\u00admer enga\u00adgier\u00adte uns f\u00fcr sein <strong>Grill\u00adfest am Gemein\u00adde\u00adstadl<\/strong>. Etwas gezit\u00adtert haben wir aller\u00addings auf\u00adgrund der unsi\u00adche\u00adren Wet\u00adter\u00adla\u00adge. Zwar konn\u00adten wir alle Musi\u00adker unter dem Vor\u00addach plat\u00adzie\u00adren, doch bei Wind und Regen w\u00e4re es trotz\u00addem ziem\u00adlich feucht gewor\u00adden. Wie man auf den Bil\u00addern sieht, hat es der Wet\u00adter\u00adgott dann aber doch noch gut mit uns gemeint.<\/p>\nngg_shortcode_17_placeholder\n<p>Im Herbst star\u00adte\u00adten wir dann in eine gemein\u00adsa\u00adme Proben- und Kon\u00adzert\u00adpha\u00adse zusam\u00admen mit dem JUBO Aller\u00ads\u00adhau\u00adsen der Musik\u00adschu\u00adle Amper\u00adtal. Auf dem Pro\u00adgramm stan\u00adden unter ande\u00adrem die unver\u00adgess\u00adli\u00adche Film\u00admu\u00adsik von Karel Svo\u00adbo\u00adda zu einem der bekann\u00adtes\u00adten Weih\u00adnachts\u00adm\u00e4r\u00adchen \u201cDrei N\u00fcsse f\u00fcr Aschen\u00adbr\u00f6\u00addel\u201d, eine Repri\u00adse der gro\u00dfen Ohr\u00adw\u00fcr\u00admer aus dem Musi\u00adcal \u201cPor\u00adta\u00adlia\u201d von Maria Sailer und den Abend\u00adse\u00adgen aus der Oper H\u00e4nsel und Gretel.<br>\nUnd nat\u00fcr\u00adlich orga\u00adni\u00adsier\u00adten wir wieder ein <strong>Proben- und Frei\u00adzeit\u00adwo\u00adchen\u00aden\u00adde<\/strong>. Dieses mal ver\u00adschlug es uns in der Ober\u00adpfalz in das Bil\u00addungs\u00adhaus des Klos\u00adter Ensdof. Gerne erin\u00adnern wir uns an die inten\u00adsi\u00adven, gemein\u00adsa\u00admen Proben, an den mor\u00adgend\u00adli\u00adchen \u201cEner\u00adgi\u00adzer\u201d und die gesel\u00adli\u00adgen Abende mit Kicker und Bil\u00adli\u00adard. Auch eine span\u00adnen\u00adde Klos\u00adter\u00adf\u00fch\u00adrung durf\u00adten wir genie\u00dfen.<\/p>\nngg_shortcode_18_placeholder\n<p>Das gro\u00dfe <strong>Herbst\u00adkon\u00adzert<\/strong> am 25. Novem\u00adber stand unter dem Motto \u201cFan\u00adta\u00adsia\u201d. Unsere jungen Musi\u00adker hatten sich zu den Musik\u00adst\u00fc\u00adcken auch jeweils eine Mode\u00adra\u00adti\u00adon \u00fcber\u00adlegt. Alina und Nico schlepp\u00adten einen flie\u00adgen\u00adden Tep\u00adpich auf die B\u00fchne, Annika und Olivia unter\u00adhiel\u00adten sich \u00fcber die Eule von Harry Potter und Isa\u00adbel\u00adla und Leonie schlie\u00df\u00adlich w\u00fcnsch\u00adten uns mit \u201cHakuna Matata\u201d, ein sor\u00adgen\u00adfrei\u00ades&nbsp;Leben.<\/p>\n<p>ngg_shortcode_19_placeholder<br>\nngg_shortcode_20_placeholder<\/p>\n<p>Wir haben dann auch tosen\u00adden Applaus geern\u00adtet und haben danach noch bis zu sp\u00e4ter Stunde fr\u00f6h\u00adlich bei einem ful\u00admi\u00adnan\u00adten, selbst mit\u00adge\u00adbrach\u00adten Buffet gefeiert.<\/p>\n<p>Hier der Pres\u00adse\u00adar\u00adti\u00adkel im <a href=\"https:\/\/www.blasmusik-hohenkammer.de\/v3\/wp-content\/uploads\/presse\/FT20171205.jpg\" target=\"_blank\">Frei\u00adsin\u00adger Tag\u00adblatt vom 5. Dezem\u00adber 2017<\/a> (<a href=\"https:\/\/www.merkur.de\/lokales\/freising\/allershausen-ort28137\/erfolgsgeschichte-namens-jubo-9420033.html\" target=\"_blank\">exter\u00adner Link<\/a>)<\/p>\n<p>Am 10. Novem\u00adber mar\u00adschier\u00adten wir dann wieder in etwas klei\u00adne\u00adrer Beset\u00adzung mit <strong>St. Martin<\/strong> von der Pfarr\u00adkir\u00adche zum Schul\u00adhof. Danach folg\u00adten noch Auf\u00adtrit\u00adte auf den <strong>Advents\u00adm\u00e4rk\u00adten in Aller\u00ads\u00adhau\u00adsen, Kranz\u00adberg und Kirch\u00addorf<\/strong>. Denn was w\u00e4re die Vor\u00adweih\u00adnachts\u00adzeit ohne Bl\u00e4\u00adser\u00admu\u00adsik, W\u00fcrs\u00adtel\u00adsem\u00admel und Punsch? In Hohen\u00adkam\u00admer \u00f6ff\u00adne\u00adten wir zusam\u00admen mit der Feu\u00ader\u00adwehr das zweite <strong>Advents\u00adt\u00fcr\u00adchen am Feu\u00ader\u00adwehr\u00adhaus<\/strong>.<\/p>\n<p style=\"text-align: center\"><strong>***<\/strong><\/p>\n<p style=\"text-align: center\">2017 ver\u00adzeich\u00adne\u00adte die Blas\u00admu\u00adsik Hohen\u00adkam\u00admer 57 aktive Musi\u00adker und 129 f\u00f6r\u00adder\u00adne Mitglieder.<br>\nWir sind Blasmusik!<\/p>\n<div id=\"column1of3\"><a href=\"https:\/\/www.blasmusik-hohenkammer.de\/v3\/?page_id=3015\">\u25c4 2016<\/a><\/div>\n<div id=\"column2of3\"><a href=\"https:\/\/www.blasmusik-hohenkammer.de\/v3\/?page_id=22\">\u25b2<\/a><\/div>\n<div id=\"column3of3\"><a href=\"https:\/\/www.blasmusik-hohenkammer.de\/v3\/?page_id=5191\">2018 \u25ba<\/a><\/div>\n","protected":false},"excerpt":{"rendered":"<p>\u25c4 2016 \u25b2 2018 \u25ba BBC Bri\u00adtish Blas\u00admu\u00adsik Chan\u00adnel Neu\u00ad\u00adjahrs-Sere\u00adna\u00ad\u00adde Was f\u00e4llt Ihnen ein, wenn Sie an Gro\u00df\u00adbri\u00adtan\u00adni\u00aden denken? \u201cFu\u00df\u00adball, Brexit, das K\u00f6nigs\u00adhaus, Pubs, Wil\u00adliam Shake\u00adspeare oder viel\u00adleicht sogar James Bond?\u201d Unsere nun schon zehnte Blas\u00ad\u00admu\u00ad\u00adsik-Sere\u00adna\u00ad\u00adde stand unter dem&nbsp;Motto&nbsp;\u2026<\/p>\n<p class=\"read-more\"> <a class=\"more-link\" href=\"https:\/\/www.blasmusik-hohenkammer.de\/v3\/?page_id=3348\"> <span class=\"screen-reader-text\">Das Musik\u00adjahr&nbsp;2017<\/span> Weiterlesen&nbsp;\u00bb<\/a><\/p>\n","protected":false},"author":1,"featured_media":0,"parent":22,"menu_order":0,"comment_status":"closed","ping_status":"closed","template":"","meta":{"wp_typography_post_enhancements_disabled":false,"ngg_post_thumbnail":0,"footnotes":""},"class_list":["post-3348","page","type-page","status-publish","hentry"],"_links":{"self":[{"href":"https:\/\/www.blasmusik-hohenkammer.de\/v3\/index.php?rest_route=\/wp\/v2\/pages\/3348","targetHints":{"allow":["GET"]}}],"collection":[{"href":"https:\/\/www.blasmusik-hohenkammer.de\/v3\/index.php?rest_route=\/wp\/v2\/pages"}],"about":[{"href":"https:\/\/www.blasmusik-hohenkammer.de\/v3\/index.php?rest_route=\/wp\/v2\/types\/page"}],"author":[{"embeddable":true,"href":"https:\/\/www.blasmusik-hohenkammer.de\/v3\/index.php?rest_route=\/wp\/v2\/users\/1"}],"replies":[{"embeddable":true,"href":"https:\/\/www.blasmusik-hohenkammer.de\/v3\/index.php?rest_route=%2Fwp%2Fv2%2Fcomments&post=3348"}],"version-history":[{"count":28,"href":"https:\/\/www.blasmusik-hohenkammer.de\/v3\/index.php?rest_route=\/wp\/v2\/pages\/3348\/revisions"}],"predecessor-version":[{"id":5343,"href":"https:\/\/www.blasmusik-hohenkammer.de\/v3\/index.php?rest_route=\/wp\/v2\/pages\/3348\/revisions\/5343"}],"up":[{"embeddable":true,"href":"https:\/\/www.blasmusik-hohenkammer.de\/v3\/index.php?rest_route=\/wp\/v2\/pages\/22"}],"wp:attachment":[{"href":"https:\/\/www.blasmusik-hohenkammer.de\/v3\/index.php?rest_route=%2Fwp%2Fv2%2Fmedia&parent=3348"}],"curies":[{"name":"wp","href":"https:\/\/api.w.org\/{rel}","templated":true}]}}