{"id":3009,"date":"2017-02-03T23:35:15","date_gmt":"2017-02-03T22:35:15","guid":{"rendered":"http:\/\/www.blasmusik-hohenkammer.de\/v3\/?page_id=3009"},"modified":"2017-03-12T00:51:47","modified_gmt":"2017-03-11T23:51:47","slug":"das-musikjahr-2013","status":"publish","type":"page","link":"https:\/\/www.blasmusik-hohenkammer.de\/v3\/?page_id=3009","title":{"rendered":"Das Musik\u00adjahr&nbsp;2013"},"content":{"rendered":"<div id=\"column1of3\"><a href=\"https:\/\/www.blasmusik-hohenkammer.de\/v3\/?page_id=3007\">\u25c4 2012<\/a><\/div>\n<div id=\"column2of3\"><a href=\"https:\/\/www.blasmusik-hohenkammer.de\/v3\/?page_id=22\">\u25b2<\/a><\/div>\n<div id=\"column3of3\"><a href=\"https:\/\/www.blasmusik-hohenkammer.de\/v3\/?page_id=3011\">2014 \u25ba<\/a><\/div>\n<h3>Neu\u00adjahrs Serenade<\/h3>\n<h4>Irish Bai\u00adrisch<\/h4>\n<p>Wie gut sich Musik und Tanz aus Irland und Bayern mischen, konnte man auf der Neu\u00adjahrs Sere\u00adna\u00adde 2013 erle\u00adben. Die Idee dazu ist urspr\u00fcng\u00adlich ent\u00adstan\u00adden aus einer Ver\u00adbin\u00addung  der Platt\u00adler\u00adgrup\u00adpe Schlipps mit der Show\u00adtanz\u00adgrup\u00adpe \u201cSum\u00admer\u00adstorm Irish Dance Com\u00adpa\u00adny\u201d in Unter\u00adschlei\u00df\u00adheim. Wir haben das Thema auf\u00adge\u00adgrif\u00adfen und was dabei heraus gekom\u00admen ist hat uns selber \u00fcber\u00adw\u00e4l\u00adtigt. F\u00fcr die Mode\u00adra\u00adti\u00adon konn\u00adten wir Markus Lins\u00adei\u00adsen gewin\u00adnen. Wer nicht dabei war, hat was verpasst!<\/p>\nngg_shortcode_0_placeholder\nngg_shortcode_1_placeholder\n<p>Der Bogen spann\u00adte sich vom tra\u00addi\u00adtio\u00adnel\u00adlen Marsch zur sin\u00adfo\u00adni\u00adschen Blas\u00admu\u00adsik mit Oboe und Wald\u00adh\u00f6r\u00adnern, vom Schuh\u00adplat\u00adteln zum Irish Dance!<br>Begon\u00adnen haben wir mit <strong>Danny Boy<\/strong>, ein vor allem im angel\u00ads\u00e4ch\u00adsi\u00adschen Sprach\u00adraum sehr bekann\u00adtes Lied, in dem es um den Abschied von einem gelieb\u00adten Men\u00adschen und dessen Wie\u00adder\u00adkehr geht. Danach gab es den Marsch <strong>Jubel\u00adkl\u00e4n\u00adge<\/strong>, bevor wir mit <strong>Dublin Dances<\/strong>, einer Zusam\u00admen\u00adstel\u00adlung dreier bekann\u00adter Tanz\u00adme\u00adlo\u00addien, einen wei\u00adte\u00adren Iri\u00adschen Akzent setz\u00adten. <strong>Burgler\u2019s Holi\u00adday<\/strong>, ein Solo f\u00fcr drei Trom\u00adpe\u00adten brach\u00adten danach Stefan Stehle in Leder\u00adho\u00adse, Xaver Sailer im Kilt und Mathi\u00adas Wiener als Irisch-Bai\u00adri\u00adscher Fah\u00adnen\u00adtr\u00e4\u00adger gekonnt zu Geh\u00f6r.<br>Weiter ging es mit dem bekann\u00adten Song <strong>My heart will go on<\/strong> aus dem Film Tita\u00adnik, gesun\u00adgen von Gaby Moos\u00adbur\u00adger und Yvonne Els\u00e4s\u00adser, instru\u00admen\u00adtal beglei\u00adtet durch die Blas\u00admu\u00adsik, bevor wir mit den Tanz\u00adein\u00adla\u00adgen zum H\u00f6he\u00adpunkt des Nach\u00admit\u00adtags&nbsp;kamen.<\/p>\n<p>Mit der \u201cSum\u00admer\u00adstorm Irish Dance Com\u00adpa\u00adny\u201d war eine der erfolg\u00adreichs\u00adten deut\u00adschen Irish-Show\u00addance Grup\u00adpen zu Gast. In einer Kom\u00adbi\u00adna\u00adti\u00adon aus tra\u00addi\u00adtio\u00adnel\u00adlem iri\u00adschen Soft- und Hards\u00adhoe\u00adtanz (Step\u00adtanz) st\u00fcrm\u00adten ihre Beine \u00fcber die B\u00fchne. Die Blas\u00admu\u00adsik spiel\u00adte dazu Live ein Arran\u00adge\u00adment zur B\u00fch\u00adnen\u00adshow <strong>Lord of the Dance<\/strong>.<\/p>\n<p>Danach traten die T\u00e4nzer gemein\u00adsam mit den Schuh\u00adplatt\u00adlern der Volks\u00admu\u00adsik\u00adgrup\u00adpe Schlipps auf und kom\u00adbi\u00adnier\u00adten zur <strong>Amboss-, Kreuz- und Ryans Polka<\/strong> die Iri\u00adschen Show\u00adele\u00admen\u00adte in gelun\u00adge\u00adner Cho\u00adreo\u00adgra\u00adfie mit Bai\u00adri\u00adscher Tradition.<\/p>\n<p>Zum Kon\u00adzert\u00adaus\u00adklang gab es \u201cIrish pub music\u201d live, zu der sich mehr oder weni\u00adger spon\u00adtan Maria Sailer aus Mit\u00adter\u00adm\u00adar\u00adbach, Mar\u00adti\u00adna und Bern\u00adhard Mot\u00adtin\u00adger, Monika Riedl und Tom Hauner aus Aiter\u00adbach zusam\u00admen\u00adfan\u00adden. Au\u00dfer\u00addem gab es vor dem Kon\u00adzert das erste Mal eine \u00f6ffent\u00adli\u00adche Generalprobe.<\/p>\n<p>Wei\u00adte\u00adre Bilder finden Sie in unse\u00adrem <a href=\"https:\/\/www.blasmusik-hohenkammer.de\/v3\/?page_id=2974\"> Foto\u00adal\u00adbum<\/a>.<br>\nHier der Pres\u00adse\u00adar\u00adti\u00adkel zur Sere\u00adna\u00adde: <a href=\"https:\/\/www.blasmusik-hohenkammer.de\/v3\/wp-content\/uploads\/presse\/FT20130108.jpg\" target=\"_blank\">Frei\u00adsin\u00adger Tag\u00adblatt vom 8. Januar 2013<\/a><\/p>\n<h3>Mit Musik in den Sommer<\/h3>\n<h4>Auf\u00adtrit\u00adte in klei\u00adner und gro\u00dfer Beset\u00adzung, von Schloss\u00adhof bis Erzbischof<\/h4>\n<p>Seit Januar 2013 gibt es auf Schloss Hohen\u00adkam\u00admer ein neues Restau\u00adrant. Wir waren bei der <strong>Er\u00f6ff\u00adnung der \u201cAlten Gale\u00adrie\u201d<\/strong> dabei und sorg\u00adten f\u00fcr die rich\u00adti\u00adge musi\u00adka\u00adli\u00adsche Umrah\u00admung. Dazu gab es Frei\u00adbier und Wei\u00df\u00adw\u00fcrs\u00adte. Noch vor Beginn der Frei\u00adluft\u00adsai\u00adson im Mai gas\u00adtier\u00adten wir in diesem rus\u00adti\u00adka\u00adlen \u201cIndoor-Bier\u00adgar\u00adten\u201d noch an drei wei\u00adte\u00adren Sonn\u00adta\u00adgen zum <strong>Fr\u00fch\u00adschop\u00adpen<\/strong>. Ange\u00adpasst an die Gr\u00f6\u00dfe des Raums waren wir dort in klei\u00adner baye\u00adri\u00adscher Beset\u00adzung zu h\u00f6ren. Wer die Alte Gale\u00adrie noch nicht kennt, kann sich dar\u00ad\u00fcber infor\u00admie\u00adren auf den <a href=\"http:\/\/www.schlosshohenkammer.de\/\" target=\"_blank\">Web\u00adsei\u00adten von Schloss Hohen\u00adkam\u00admer<\/a>.<\/p>\n<p>Unse\u00adren ersten Sai\u00adson\u00adauf\u00adtritt in gro\u00dfer Beset\u00adzung hatten wir Ende April am <strong>Senio\u00adren\u00adnach\u00admit\u00adtag<\/strong> in der Mehr\u00adzweck\u00adhal\u00adle. Am 1. Mai dann gaben wir ein Gast\u00adspiel beim <strong>Mai\u00adfest in Mas\u00adsen\u00adhau\u00adsen<\/strong>.<\/p>\nngg_shortcode_2_placeholder\n<p>Am 26. Mai waren wir zu Gast in Kirch\u00addorf. Prof. Dr. Knut Back\u00adhaus fei\u00ader\u00adte dort sein <strong>Pries\u00adter\u00adju\u00adbi\u00adl\u00e4\u00adum<\/strong> und wir gestal\u00adte\u00adten zusam\u00admen mit dem Kir\u00adchen\u00adchor unter der Lei\u00adtung von Ste\u00adpha\u00adnie Kratzl den Fest\u00adgot\u00adtes\u00addienst. Geist\u00adli\u00adcher Ehren\u00adgast und Kon\u00adze\u00adle\u00adbrant der Messe war der eme\u00adri\u00adtier\u00adte Erz\u00adbi\u00adschof von M\u00fcn\u00adchen und Frei\u00adsing, Fried\u00adrich Kar\u00addi\u00adnal Wetter.<\/p>\nngg_shortcode_3_placeholder\n<p>Die Fron\u00adleich\u00adnams\u00adpro\u00adzes\u00adsi\u00adon fiel 2013 leider ins Wasser und auch das <strong>Sch\u00fct\u00adzen\u00adgrill\u00adfest<\/strong> am 30. Mai wurde gezwun\u00adge\u00adner\u00adma\u00ad\u00dfen ein \u201cIndoor-Auf\u00adtritt\u201d.<\/p>\nngg_shortcode_4_placeholder\n<p>Daf\u00fcr gab es viel Sonne zum <strong>Volks\u00admu\u00adsik\u00adfest in Au<\/strong> am 6. Juli. Dieses Spek\u00adta\u00adkel wird alle zwei Jahre von Micha\u00adel Eber\u00adwein orga\u00adni\u00adsiert, dem Leiter der bekann\u00adten Dellnhau\u00adser Musi\u00adkan\u00adten. Wir waren dieses mal ein\u00adge\u00adplant f\u00fcr die gro\u00dfe FMG B\u00fchne im Hof der Schloss\u00adbraue\u00adrei. Unse\u00adren Auf\u00adtritt hatten wir am fr\u00fchen Nach\u00admit\u00adtag und so heiz\u00adten nicht nur wir, son\u00addern auch die Sonne dem anwe\u00adsen\u00adden Publi\u00adkum ordent\u00adlich ein. Und auch dem ein- oder andern Musi\u00adker stan\u00adden dabei die Schwei\u00df\u00adper\u00adlen auf der Stirn. Und wie man auf den Bil\u00addern sieht, schaff\u00adten es einige Musi\u00adker sogar in die Zeitung!<\/p>\nngg_shortcode_5_placeholder\n<p>Gest\u00e4rkt mit einer Brot\u00adzeit und einem k\u00fchlen Bier waren einige Musi\u00adker dann bis in den sp\u00e4ten Abend noch unter\u00adwegs in Au und lausch\u00adten den Kl\u00e4n\u00adgen der ande\u00adren Musi\u00adkan\u00adten, die ja z.B. mit der Kapel\u00adle Josef Menzel, der Amper\u00adta\u00adler Kir\u00adta\u00admu\u00adsik oder den Dellnhau\u00adser Musi\u00adkan\u00adten auch sehr h\u00f6rens\u00adwert&nbsp;waren.<\/p>\n<p>Aber auch in Hohen\u00adkam\u00admer gab es 2013 wieder ein musi\u00adka\u00adli\u00adsches Frei\u00adluft\u00adpro\u00adgramm. Und dazu musste man nicht erst auf die Schloss\u00adkon\u00adzer\u00adte im Rahmen der Som\u00admer\u00adaka\u00adde\u00admie der Baye\u00adri\u00adschen Phil\u00adhar\u00admo\u00adnie warten. Freun\u00adde des musi\u00adka\u00adli\u00adschen Fr\u00fch\u00adschop\u00adpens kamen auch zuvor schon auf ihre Kosten. Denn drei \u201c<strong>Blas\u00admu\u00adsik am Sonn\u00adtag Mittag<\/strong>\u201d Ter\u00admi\u00adne von Mai bis Juli im Schloss\u00adbier\u00adgar\u00adten run\u00adde\u00adten unser Som\u00admer\u00adpro\u00adgramm&nbsp;ab.<\/p>\nngg_shortcode_6_placeholder\n<h3>Som\u00admer\u00adfe\u00adri\u00aden\u00adpro\u00adgramm&nbsp;2013<\/h3>\n<h4>\u2026 wo die Musik im Radio her&nbsp;kommt<\/h4>\n<p>Im August betei\u00adlig\u00adten wir uns am Feri\u00aden\u00adpro\u00adgramm der Gemein\u00adde. Zusam\u00admen mit 15 ange\u00admel\u00adde\u00adten Kin\u00addern mach\u00adten sich Inge Dilz, Mar\u00adti\u00adna Mot\u00adtin\u00adger, Angela Neu\u00admei\u00ader und Mathi\u00adas Wiener am 28. August auf den Weg zum Funk\u00adhaus des Baye\u00adri\u00adschen Rund\u00adfunks in M\u00fcnchen.<\/p>\n<p>Die Tour begann mit einem Besuch der Pro\u00adduk\u00adti\u00adons\u00adr\u00e4u\u00adme f\u00fcr Ton- und H\u00f6r\u00adspie\u00adle. Danach ging es zum gro\u00dfen Rund\u00adfunk\u00adstu\u00addio und weiter, mitten ins Herz\u00adst\u00fcck zum Studio von Bayern1. Die bekann\u00adte Mode\u00adra\u00adto\u00adrin Ulla M\u00fcller war dort gerade auf Sen\u00addung und zwi\u00adschen zwei Musik\u00adti\u00adteln durfte unsere Gruppe auch direkt ans Sen\u00adde\u00adpult und konnte einige Fragen stel\u00adlen. Auf dem R\u00fcck\u00adweg lief uns dann noch Till\u00admann Sch\u00f6\u00adberl \u00fcber den Weg. Beson\u00adders die Buben bestaun\u00adten den Tisch\u00adki\u00adcker und die T\u00fcr zum Sen\u00adde\u00adstu\u00addio von \u201cHeute im Sta\u00addi\u00adon\u201d. Aus\u00adge\u00adstat\u00adtet mit BR T\u00fcten, einer klei\u00adnen St\u00e4r\u00adkung und einer von der Blas\u00admu\u00adsik spen\u00addier\u00adten Runde Eis ging\u00b4s dann mit vielen tollen Ein\u00addr\u00fc\u00adcken wieder nach Hause.<br>Zitat eines jungen Teil\u00adneh\u00admers beim sp\u00e4\u00adte\u00adren Radio h\u00f6ren im Auto: \u201cGell da waren wir heute, wo die Musik herkommt\u201d<\/p>\nngg_shortcode_7_placeholder\n<h3>Ver\u00adeins\u00adaus\u00adflug&nbsp;2013<\/h3>\n<h4>Augs\u00adburg, Pup\u00adpen\u00adkis\u00adte, Wild\u00adwas\u00adser\u00adstre\u00adcke, zu Gast bei Freunden<\/h4>\n<p>2013 gab es tur\u00adnus\u00adge\u00adm\u00e4\u00df wieder eine Ver\u00adeins\u00adaus\u00adflug und somit noch einen wei\u00adte\u00adren H\u00f6he\u00adpunkt im Sommer. Ziel der Reise war die Fug\u00adger\u00adstadt Augs\u00adburg. Mit knapp 90 Teil\u00adneh\u00admern sind wir das erste Mal in unse\u00adrer noch jungen Ver\u00adeins\u00adge\u00adschich\u00adte sogar mit zwei Rei\u00adse\u00adbus\u00adsen los\u00adge\u00adfah\u00adren.<br>Nach der Ankunft teil\u00adten wir uns auf in drei orga\u00adni\u00adsier\u00adte Stadt\u00adf\u00fch\u00adrun\u00adgen zu den Sehens\u00adw\u00fcr\u00addig\u00adkei\u00adten Augs\u00adburgs. Nach einem Mit\u00adtag\u00adessen im Rats\u00adkel\u00adler machte sich etwa die H\u00e4lfte der Gruppe dann in Win\u00addes\u00adei\u00adle auf, zur Augs\u00adbur\u00adger Pup\u00adpen\u00adkis\u00adte. Alle waren begeis\u00adtert von der Auf\u00adf\u00fch\u00adrung \u201cRum\u00adpel\u00adstilz\u00adchen\u201d. F\u00fcr manche Erwach\u00adse\u00adne war es eine kleine Zeit\u00adrei\u00adse zur\u00fcck in ihre Kindertage.<\/p>\nngg_shortcode_8_placeholder\n<p>Um 15:30 sam\u00admel\u00adten wir uns alle wieder in voller St\u00e4rke zur Wei\u00adter\u00adfahrt an den Lech. Bei tro\u00adcke\u00adnem Herbst\u00adwet\u00adter wan\u00adder\u00adten wir durch die gr\u00fcnen Lech\u00adau\u00aden  zum beein\u00addru\u00adcken\u00adden Hoch\u00adab\u00adlass mit seinen enor\u00admen Was\u00adser\u00admas\u00adsen und dem weit\u00adl\u00e4u\u00adfi\u00adgen Fluss\u00adbett. Der Weg f\u00fchrte uns dann weiter zur olym\u00adpi\u00adschen Kanu- und Wild\u00adwas\u00adser\u00adstre\u00adcke der Som\u00admer\u00adspie\u00adle von 1972. Leider war der Eis\u00adbach ohne Wasser, aber auch so lie\u00dfen sich einige Kanu\u00adten beim Trai\u00adning beob\u00adach\u00adten oder ein\u00adfach dieses wun\u00adder\u00adba\u00adre Nah\u00aderho\u00adlungs\u00adge\u00adbiet genie\u00dfen.<\/p>\nngg_shortcode_9_placeholder\n<p>Zum gem\u00fct\u00adli\u00adchen Tages\u00adaus\u00adklang ging es - vorbei an der Bun\u00addes\u00adli\u00adga Arena des FC Augs\u00adburg - nach Berg\u00adheim, wo uns die Freun\u00adde der Blas\u00admu\u00adsik Berg\u00adheim musi\u00adka\u00adlisch begr\u00fc\u00df\u00adten. Nach dem Abend\u00adessen haben dann auch unsere Musi\u00adker die Instru\u00admen\u00adte aus\u00adge\u00adpackt und dank der vielen jungen Teil\u00adneh\u00admer kam es dann sogar noch zum ersten Auf\u00adtritt unse\u00adrer Bl\u00e4\u00adser\u00adju\u00adgend au\u00dfer\u00adhalb des Landkreises.<\/p>\nngg_shortcode_10_placeholder\n<p>Ein gelun\u00adge\u00adner Aus\u00adflug! Danke an Mathi\u00adas Wiener den dies\u00adj\u00e4h\u00adri\u00adgen Haupt\u00ador\u00adga\u00adni\u00adsa\u00adtor. Wir freuen uns schon auf&nbsp;2015.<\/p>\n<h3>Mit Musik durch den Herbst<\/h3>\n<h4>Olym\u00adpi\u00adsches Trai\u00adning und weih\u00adnacht\u00adli\u00adche Kl\u00e4nge<\/h4>\n<p>Mit einem letz\u00adten <strong>Bier\u00adgar\u00adten\u00adauf\u00adtritt<\/strong>, einem musi\u00adka\u00adli\u00adschen <strong>Gast\u00adspiel beim Sport\u00adver\u00adein Haim\u00adhausen<\/strong> und dem <strong>Pfarr\u00adfest<\/strong> am Ern\u00adte\u00addank Sonn\u00adtag ver\u00adab\u00adschie\u00adde\u00adten wir uns vom Sommer und star\u00adte\u00adten in den Herbst. Dieser war wieder gepr\u00e4gt von inten\u00adsi\u00adven Proben in gro\u00dfer Beset\u00adzung f\u00fcr die in 2014  anste\u00adhen\u00adde Neu\u00adjahrse\u00adre\u00adna\u00adde. Im Schloss gab es Herbst\u00adauf\u00adtrit\u00adte beim tra\u00addi\u00adtio\u00adnel\u00adlen <strong>Kirchweihganser\u2018l<\/strong> und in der <strong>Alten Gale\u00adrie<\/strong>.<\/p>\nngg_shortcode_11_placeholder\n<p>Am <strong>Volks\u00adtrau\u00ader\u00adtag<\/strong>, dem 16.November gestal\u00adte\u00adten wir den Got\u00adtes\u00addienst und beglei\u00adte\u00adten das anschlie\u00ad\u00dfen\u00adde Geden\u00adken am Ehren\u00admal. Danach ging es schon wieder Rich\u00adtung Winter mit einem Bei\u00adtrag unse\u00adrer Blech\u00adbl\u00e4\u00adser zur <strong>Advent\u00adsein\u00adstim\u00admung in der Pfarr\u00adkir\u00adche<\/strong>, musi\u00adka\u00adli\u00adschen Bei\u00adtr\u00e4\u00adgen zum \u201c<strong>leben\u00addi\u00adgen Advents\u00adka\u00adlen\u00adder<\/strong>\u201d und der <strong>Gl\u00fchwei(h)nacht<\/strong> im Schloss\u00adhof.<br>Mit Weih\u00adnachts\u00adlie\u00addern am Heilig Abend und dem Kir\u00adchen\u00adpa\u00adtro\u00adzi\u00adni\u00adum klang dann das musi\u00adka\u00adli\u00adsche Jahr 2013 f\u00fcr unsere \u201cGro\u00dfen\u201d aus.<\/p>\nngg_shortcode_12_placeholder\n<h3>JUBO 2013<\/h3>\n<h4>Das Jugend\u00adblas\u00ador\u00adches\u00adter nimmt Fahrt&nbsp;auf<\/h4>\nngg_shortcode_13_placeholder\n<p>Es war sch\u00f6n mit anzu\u00adse\u00adhen und wir waren selbst erstaunt, wie schnell unsere zwi\u00adschen\u00adzeit\u00adlich auf 16 Kinder und Jugend\u00adli\u00adche ange\u00adwach\u00adse\u00adne Nach\u00adwuchs\u00adgrup\u00adpe an musi\u00adka\u00adli\u00adscher Qua\u00adli\u00adt\u00e4t zuleg\u00adte. Unter der Lei\u00adtung von Helmut Frank, Mar\u00adti\u00adna und Richard Mot\u00adtin\u00adger und Xaver Sailer haben wir 2013 ins\u00adge\u00adsamt <strong>39 gemein\u00adsa\u00adme Proben<\/strong> abge\u00adhal\u00adten, sieben davon in gro\u00dfer Runde zusam\u00admen mit der JUBO Gruppe aus Aller\u00ads\u00adhau\u00adsen.<br>Unter\u00adst\u00fctzt wurden unsere jungen Bl\u00e4\u00adse\u00adrin\u00adnen und Bl\u00e4ser au\u00dfer\u00addem von Bar\u00adba\u00adra Liebl und Maria und Regina Sailer. Das Zusam\u00admen\u00adspiel von Anf\u00e4n\u00adger und Fort\u00adge\u00adschrit\u00adte\u00adnen, von Jung und Alt hat sich durch\u00adaus als Erfolgs\u00adre\u00adzept erwie\u00adsen. Auch Neu\u00adlin\u00adge hatten so eine St\u00fctze an der Seite und wurden vom \u201cSog des gemein\u00adsa\u00admen Spiels\u201d mitgerissen.<\/p>\n<p>In der Grund\u00adschu\u00adle von Hohen\u00adkam\u00admer durf\u00adten wir \u00fcbri\u00adgens wie schon 2011 mit einer <strong>Instru\u00admen\u00adten\u00advor\u00adstel\u00adlung<\/strong> f\u00fcr Nach\u00adwuchs werben. Dabei ging es nicht nur um das Vor\u00adzei\u00adgen der Instru\u00admen\u00adte, son\u00addern die Kinder durf\u00adten diese nat\u00fcr\u00adlich auch selbst ausprobieren.<\/p>\n<p>Am 16. Juni fand in der Turn\u00adhal\u00adle der Grund\u00adschu\u00adle Kranz\u00adberg das all\u00adj\u00e4hr\u00adli\u00adche <strong>Som\u00admer\u00adkon\u00adzert der Musik\u00adschu\u00adle Amper\u00adtal<\/strong> statt, mit Solis\u00adten,  Ensem\u00adbles und dem Jugend\u00adblas\u00ador\u00adches\u00adter Amper\u00adtal (JUBO Hohen\u00adkam\u00admer und Aller\u00ads\u00adhau\u00adsen gemein\u00adsam) unter dem Diri\u00adgat von Musik\u00adschul\u00adlei\u00adte\u00adrin Karin Schlag\u00adint\u00adweit. Zu h\u00f6ren gab es vom JUBO bekann\u00adte Melo\u00addien von John Wil\u00adliams aus dem Film Star Wars, einen Marsch f\u00fcr junges Orches\u00adter und eine Bai\u00adri\u00adsche&nbsp;Polka.<\/p>\nngg_shortcode_14_placeholder\n<p>Wer das JUBO Hohen\u00adkam\u00admer \u201clive\u201d erle\u00adben wollte, der hatte dazu auch im Okto\u00adber beim <strong>Pfarr\u00adfest<\/strong> Gele\u00adgen\u00adheit. Denn dort gab die Jugend mit vier St\u00fc\u00adcken aus dem Som\u00admer\u00adkon\u00adzert noch\u00admals eine Kost\u00adpro\u00adbe ihres K\u00f6nnens.<\/p>\nngg_shortcode_15_placeholder\n<p>Musi\u00adka\u00adlisch hat sich das JUBO im Herbst auf die Er\u00f6ff\u00adnungs\u00adver\u00adan\u00adstal\u00adtung f\u00fcr das Jubi\u00adl\u00e4\u00adums\u00adjahr 1200 Jahre Aller\u00ads\u00adhau\u00adsen vor\u00adbe\u00adrei\u00adtet. Anl\u00e4ss\u00adlich dieses gro\u00dfen Auf\u00adtrit\u00adtes organ\u00adsier\u00adte die Musik\u00adschu\u00adle Amper\u00adtal zusam\u00admen mit der Blas\u00admu\u00adsik Hohen\u00adkam\u00admer f\u00fcr das gesam\u00adte JUBO Amper\u00adtal ein <strong>Pro\u00adben\u00adwo\u00adchen\u00aden\u00adde am Laben\u00adbach\u00adhof<\/strong> in Ruh\u00adpol\u00adding. Das  Pro\u00adgramm war gepr\u00e4gt von viel Musik, mit Gesamt\u00adpro\u00adben im Plenum und klei\u00adnen \u00dcbungs\u00adgrup\u00adpen. Dazwi\u00adschen gab es ein buntes Frei\u00adzeit\u00adpro\u00adgramm mit Fu\u00df\u00adball im Tief\u00adschnee, einer Win\u00adter\u00adwan\u00adde\u00adrung, medi\u00adta\u00adti\u00adves Zeich\u00adnen mit Musik, Kicker und Tisch\u00adten\u00adnis, einen Bunten Abend und auf jeden Fall viel&nbsp;Spa\u00df.<\/p>\nngg_shortcode_16_placeholder\n<p>Der Novem\u00adber hatte f\u00fcr unsere Nach\u00adwuchs\u00admann\u00adschaft noch eine wei\u00adte\u00adre Her\u00adaus\u00adfor\u00adde\u00adrung auf Lager. Beim <strong>St. Mar\u00adtins\u00adum\u00adzug<\/strong> galt es, mar\u00adschie\u00adrend sowohl Noten als auch den Vor\u00adder\u00admann und die Weg\u00adstre\u00adcke im Auge zu behal\u00adten.<br>Und was w\u00e4re die Vor\u00adweih\u00adnachts\u00adzeit ohne advent\u00adli\u00adche Weisen? Mit Auf\u00adtrit\u00adten auf den <strong>Weih\u00adnachts\u00adm\u00e4rk\u00adten in Aller\u00ads\u00adhau\u00adsen und Kranz\u00adberg<\/strong> been\u00adde\u00adte das JUBO das musi\u00adka\u00adli\u00adsche Jahr 2013 und star\u00adte\u00adte dann in die wohl\u00adver\u00addien\u00adte Weihnachtspause.<\/p>\nngg_shortcode_17_placeholder\n<h3>Aktive Musi\u00adker der Blas\u00admu\u00adsik 2013 (ohne&nbsp;JUBO)<\/h3>\n<h4>Musi\u00adzie\u00adren macht sch\u00f6ner!<\/h4>\n<table border=\"1\" bordercolor=\"#f5f5f5\" cellpadding=\"2\" cellspacing=\"2\">\n<tr>\n<td align=\"left\" bgcolor=\"#f5f5f5\" valign=\"top\"><strong>Hohes Blech<\/strong><br>Mathi\u00adas Wiener (Fl\u00fc\u00adgel\u00adhorn, Trom\u00adpe\u00adte), Alois Hummel (Fl\u00fc\u00adgel\u00adhorn, Trom\u00adpe\u00adte), Mat\u00adthi\u00adas M\u00f6ller (Trom\u00adpe\u00adte), Xaver Sailer (Trom\u00adpe\u00adte) und Stefan Stehle (Trom\u00adpe\u00adte)<\/td>\n<\/tr>\n<tr>\n<td align=\"left\" bgcolor=\"#f5f5f5\" valign=\"top\"><strong>Holz<\/strong><br>Monika Riedl (Quer\u00adfl\u00f6\u00adte, Pic\u00adco\u00adlo), Mar\u00adti\u00adna Mot\u00adtin\u00adger (Kla\u00adri\u00adnet\u00adte, Saxo\u00adphon), Annet\u00adte Walter (Kla\u00adri\u00adnet\u00adte, Saxo\u00adphon), Dagmar Neu\u00admei\u00ader (Kla\u00adri\u00adnet\u00adte), Rainer Scho\u00adbel (Kla\u00adri\u00adnet\u00adte), Inge Dilz (Kla\u00adri\u00adnet\u00adte), Regina Sailer (Quer\u00adfl\u00f6\u00adte) und neu dabei <strong>Bar\u00adba\u00adra Liebl<\/strong> (Kla\u00adri\u00adnet\u00adte)<\/td>\n<\/tr>\n<tr>\n<td align=\"left\" bgcolor=\"#f5f5f5\" valign=\"top\"><strong>Tiefes Blech<\/strong><br>Richard Mot\u00adtin\u00adger (Tenor\u00adhorn), Helmut Frank (Bari\u00adton, Posau\u00adne), Gun\u00adther Els\u00e4s\u00adser (Posau\u00adne), Klaus Hagen\u00adrai\u00adner (Posau\u00adne), Nor\u00adbert Mayr (Tuba) und Anton Walter (E-Bass) neu dabei <strong>Tom Han\u00adsel\u00adka<\/strong> (Tenor\u00adhorn)<\/td>\n<\/tr>\n<tr>\n<td align=\"left\" bgcolor=\"#f5f5f5\" valign=\"top\"><strong>Schlag\u00adzeug, Per\u00adcus\u00adsion, Key\u00adboard, Lyra und mehr<\/strong><br>Hans Moos\u00adbur\u00adger, Stefan Neu\u00admei\u00ader, Werner Deut\u00adscher und Bern\u00adhard Mottinger<\/td>\n<\/tr>\n<\/table>\n<div id=\"column1of3\"><a href=\"https:\/\/www.blasmusik-hohenkammer.de\/v3\/?page_id=3007\">\u25c4 2012<\/a><\/div>\n<div id=\"column2of3\"><a href=\"https:\/\/www.blasmusik-hohenkammer.de\/v3\/?page_id=22\">\u25b2<\/a><\/div>\n<div id=\"column3of3\"><a href=\"https:\/\/www.blasmusik-hohenkammer.de\/v3\/?page_id=3011\">2014 \u25ba<\/a><\/div>\n","protected":false},"excerpt":{"rendered":"<p>\u25c4 2012 \u25b2 2014 \u25ba Neu\u00adjahrs Sere\u00adna\u00adde Irish Bai\u00adrisch Wie gut sich Musik und Tanz aus Irland und Bayern mischen, konnte man auf der Neu\u00adjahrs Sere\u00adna\u00adde 2013 erle\u00adben. Die Idee dazu ist urspr\u00fcng\u00adlich ent\u00adstan\u00adden aus einer Ver\u00adbin\u00addung der Platt\u00adler\u00adgrup\u00adpe Schlipps&nbsp;\u2026<\/p>\n<p class=\"read-more\"> <a class=\"more-link\" href=\"https:\/\/www.blasmusik-hohenkammer.de\/v3\/?page_id=3009\"> <span class=\"screen-reader-text\">Das Musik\u00adjahr&nbsp;2013<\/span> Weiterlesen&nbsp;\u00bb<\/a><\/p>\n","protected":false},"author":1,"featured_media":0,"parent":22,"menu_order":0,"comment_status":"closed","ping_status":"closed","template":"","meta":{"wp_typography_post_enhancements_disabled":false,"ngg_post_thumbnail":0,"footnotes":""},"class_list":["post-3009","page","type-page","status-publish","hentry"],"_links":{"self":[{"href":"https:\/\/www.blasmusik-hohenkammer.de\/v3\/index.php?rest_route=\/wp\/v2\/pages\/3009","targetHints":{"allow":["GET"]}}],"collection":[{"href":"https:\/\/www.blasmusik-hohenkammer.de\/v3\/index.php?rest_route=\/wp\/v2\/pages"}],"about":[{"href":"https:\/\/www.blasmusik-hohenkammer.de\/v3\/index.php?rest_route=\/wp\/v2\/types\/page"}],"author":[{"embeddable":true,"href":"https:\/\/www.blasmusik-hohenkammer.de\/v3\/index.php?rest_route=\/wp\/v2\/users\/1"}],"replies":[{"embeddable":true,"href":"https:\/\/www.blasmusik-hohenkammer.de\/v3\/index.php?rest_route=%2Fwp%2Fv2%2Fcomments&post=3009"}],"version-history":[{"count":9,"href":"https:\/\/www.blasmusik-hohenkammer.de\/v3\/index.php?rest_route=\/wp\/v2\/pages\/3009\/revisions"}],"predecessor-version":[{"id":4682,"href":"https:\/\/www.blasmusik-hohenkammer.de\/v3\/index.php?rest_route=\/wp\/v2\/pages\/3009\/revisions\/4682"}],"up":[{"embeddable":true,"href":"https:\/\/www.blasmusik-hohenkammer.de\/v3\/index.php?rest_route=\/wp\/v2\/pages\/22"}],"wp:attachment":[{"href":"https:\/\/www.blasmusik-hohenkammer.de\/v3\/index.php?rest_route=%2Fwp%2Fv2%2Fmedia&parent=3009"}],"curies":[{"name":"wp","href":"https:\/\/api.w.org\/{rel}","templated":true}]}}