{"id":3005,"date":"2017-02-03T23:34:30","date_gmt":"2017-02-03T22:34:30","guid":{"rendered":"http:\/\/www.blasmusik-hohenkammer.de\/v3\/?page_id=3005"},"modified":"2017-03-12T00:55:08","modified_gmt":"2017-03-11T23:55:08","slug":"das-musikjahr-2011","status":"publish","type":"page","link":"https:\/\/www.blasmusik-hohenkammer.de\/v3\/?page_id=3005","title":{"rendered":"Das Musik\u00adjahr&nbsp;2011"},"content":{"rendered":"<div id=\"column1of3\"><a href=\"https:\/\/www.blasmusik-hohenkammer.de\/v3\/?page_id=3003\">\u25c4 2010<\/a><\/div>\n<div id=\"column2of3\"><a href=\"https:\/\/www.blasmusik-hohenkammer.de\/v3\/?page_id=22\">\u25b2<\/a><\/div>\n<div id=\"column3of3\"><a href=\"https:\/\/www.blasmusik-hohenkammer.de\/v3\/?page_id=3007\">2012 \u25ba<\/a><\/div>\n<h3>Neu\u00adjahrs Serenade<\/h3>\n<h4>Zirkus, Zirkus!<\/h4>\n<p>Das Jahr 2011 begann mit unse\u00adrer Neu\u00adjahrs\u00adse\u00adre\u00adna\u00adde unter dem Motto Zirkus, Zirkus!<\/p>\nngg_shortcode_0_placeholder\n<p>Dr. Beat B\u00fchler f\u00fchrte als Zir\u00adkus\u00addi\u00adrek\u00adtor durch ein buntes Pro\u00adgramm an Zir\u00adkus\u00adme\u00adlo\u00addien. Beson\u00adders f\u00fcr Kinder war dieses mal viel gebo\u00adten. So fehl\u00adten weder Pop\u00adcorn noch der obli\u00adga\u00adto\u00adri\u00adsche Clown und die Zir\u00adkus\u00adgrup\u00adpe Frei\u00adsing sorgte mit ihren akro\u00adba\u00adti\u00adschen Ein\u00adla\u00adgen f\u00fcr die rich\u00adti\u00adge Zirkus-Stim\u00admung. Beim gro\u00dfen Finale reg\u00adne\u00adten dann sogar noch Luft\u00adbal\u00adlons aus der Zirkuskuppel.<\/p>\nngg_shortcode_1_placeholder\n<p>Wei\u00adte\u00adre Bilder finden Sie in unse\u00adrem <a href=\"https:\/\/www.blasmusik-hohenkammer.de\/v3\/?page_id=2966\">Foto\u00adal\u00adbum.<br>\n<\/a>Hier der Pres\u00adse\u00adar\u00adti\u00adkel zur Sere\u00adna\u00adde: <a href=\"https:\/\/www.blasmusik-hohenkammer.de\/v3\/wp-content\/uploads\/presse\/FT20110111.jpg\" target=\"\u201d_blank\u201d\">Frei\u00adsin\u00adger Tag\u00adblatt vom 11. Januar 2011<\/a><\/p>\n<h3>Die Hohen\u00adkam\u00admer\u00adner Migrantenkapelln!<\/h3>\n<h4>Schr\u00e4\u00adge T\u00f6ne und locke\u00adre Verse am Feu\u00ader\u00adwehr- und Sch\u00fctzenball<\/h4>\n<p>Dass unsere Musi\u00adker aus den ver\u00adschie\u00addens\u00adten Ecken Bay\u00aderns stam\u00admen, d\u00fcrfte sp\u00e4\u00adtes\u00adtens nach dem <strong>Feu\u00ader\u00adwehr- und Sch\u00fct\u00adzen\u00adball<\/strong> am 30. Januar nie\u00adman\u00adden mehr \u00fcber\u00adra\u00adschen. Pas\u00adsend dazu pr\u00e4\u00adsen\u00adtier\u00adten wir uns als ein wilder Blas\u00admu\u00adsik\u00adhau\u00adfen aus Ober\u00adpf\u00e4l\u00adzern, Schwa\u00adben, Ober\u00adbay\u00adern und Fran\u00adken. Denn es war uns ein Anlie\u00adgen, uns bei unse\u00adrer lieb gewon\u00adne\u00adnen Hei\u00admat\u00adge\u00admein\u00adde mit eini\u00adgen locke\u00adren Ver\u00adserln und nat\u00fcr\u00adlich auch Faschings\u00ador\u00adden f\u00fcr Ver\u00adtrau\u00aden und Unter\u00adst\u00fct\u00adzung zu bedanken.<\/p>\n<p><\/p><center>\n<p>Kleine Kost\u00adpro\u00adbe gef\u00e4llig?<\/p>\n<p><i>Gesch\u00e4tz\u00adte, hoch\u00adver\u00adehr\u00adte G\u00e4ste, es begr\u00fc\u00ad\u00dfen Sie heut nur die&nbsp;Reste,<br>\ngenau gesagt zehn Gestel\u00adle einer unglaub\u00adli\u00adchen Blaskapelle,<br>\naus dem Glonn\u00adtal .. im M\u00fcnch\u00adner Nord\u00ados\u00adten, wo Musi\u00adka\u00adpel\u00adlen nicht viel kosten,<br>\num unter der stren\u00adgen Herr\u00adschaft eines fr\u00e4n\u00adki\u00adschen Pr\u00e4sidenten,<br>\nEuch heut ein bil\u00adli\u00adges St\u00e4nd\u00adchen einzuschenken.<br>\nEin Orches\u00adter, das im Freising\/Dachau\/Pfaffenhofener Drei\u00adl\u00e4n\u00adder\u00adeck haust\u2026  und dem\u00b4s nicht mal vor Fasching graust!<\/i><\/p>\n<p><i>Seit mir die Musik ham gegr\u00fcn\u00addet, werden wir ganz oft in der Presse verk\u00fcndet!<br>\nAuf koa B\u00fcr\u00adger\u00adveramm\u00adlung konst mehr geh, weil de Leut -  finden die Blas\u00admu\u00adsik so&nbsp;schee,<br>\ngerne wird die Blas\u00admu\u00adsik zitiert,  als Beweis das der Zuzug sich rentiert!<\/i><\/p>\n<p><i>Selbst\u00adbe\u00adwusst und voll Ver\u00adtrau\u00aden, kann man auf die Blas\u00admu\u00adsik&nbsp;bauen.<br>\nVor 2 Jahren bei de B\u00f6l\u00adler\u00adsch\u00fctzn, muss die Feu\u00ader\u00adwehr gar sehr viel schwitzen!<br>\nDie Blas\u00adka\u00adpel\u00adlen den Zug anf\u00fchrt, und sich total im Dorf verirrt,<br>\nlauft statt rechts grad aus in die Pfar\u00adrer Egger Stra\u00df - ja mit so einer Aus\u00adl\u00e4n\u00adder\u00adka\u00adpel\u00adlen da hast an&nbsp;Spa\u00df!<\/i><\/p>\n<p><i>Vor vielen Jahren, da h\u00e4tts des  nie\u00admals gege\u00adben, dass am gr\u00f6\u00df\u00adten Kam\u00admer\u00adner Fasching Zuagro\u00adas\u00adte auftretn!<br>\nJa sie ist dahin die guade oide Zeit. Was soll ma sagn, es tut uns&nbsp;Leid!<br>\nAber der Zuzug der hat\u00b4s m\u00f6g\u00adlich gemacht, dass in Hohen\u00adkam\u00admer wieder Blas\u00admu\u00adsik wird gmacht!<br>\nDrum deaf ma sch\u00f6ne Gr\u00fc\u00dfe Euch bestel\u00adlen, mir von der Hohen\u00adkam\u00admer\u00adner Migrantenkapellen!<\/i><\/p>\n<p><\/p><\/center>\nngg_shortcode_2_placeholder\n<h3>Mit Musik durchs Jahr<\/h3>\n<h4>Auf\u00adtrit\u00adte von Fr\u00fch\u00adjahr bis Herbst<\/h4>\n<p>Nach dem illus\u00adtren Faschings\u00adauf\u00adritt durf\u00adten dann im M\u00e4rz einige unse\u00adrer Musi\u00adker bei der Auf\u00adf\u00fch\u00adrung des <strong>Requi\u00adem von W. A. Mozart<\/strong> in der Pfarr\u00adkir\u00adche Hohen\u00adkam\u00admer mit\u00adwir\u00adken. Die Auf\u00adf\u00fch\u00adrung dieses impo\u00adsan\u00adten Werkes wurde gestal\u00adtet vom Kam\u00admer\u00ador\u00adches\u00adter Peters\u00adhau\u00adsen sowie den beiden Hohen\u00adkam\u00admer\u00adner Ch\u00f6ren und Instru\u00admen\u00adtal\u00adso\u00adlis\u00adten des M\u00fcnch\u00adner Rund\u00adfunk\u00ador\u00adches\u00adters.<br> <br>\nZwei <strong>Fir\u00admen\u00adver\u00adan\u00adstal\u00adtun\u00adgen im Schloss<\/strong> und der all\u00adj\u00e4hr\u00adli\u00adche <strong>Senio\u00adren\u00adnach\u00admit\u00adtag<\/strong> f\u00fchr\u00adten uns dann unmit\u00adtel\u00adbar Rich\u00adtung Fr\u00fch\u00adling und Sommer. Gl\u00fcck mit dem Wetter hatten wir sowohl zur <strong>Bier\u00adgar\u00adtener\u00ad\u00f6ff\u00adnung am 1. Mai<\/strong> als auch bei den zwei wei\u00adte\u00adren musi\u00adka\u00adli\u00adschen <strong>Bier\u00adgar\u00adten\u00adsonn\u00adta\u00adgen<\/strong>.<\/p>\n<p>Der Juni hatte dann zwei unge\u00adplan\u00adte Auf\u00adtrit\u00adte f\u00fcr uns parat - der eine sehr fr\u00f6h\u00adlich - der andere dage\u00adgen um so trau\u00adri\u00adger. Die erste Mann\u00adschaft des SV Hohen\u00adkam\u00admer schaff\u00adte im Rele\u00adga\u00adti\u00adons\u00adspiel am 11. Juni 2011 den sicher nicht von allen erwar\u00adte\u00adten <strong>Auf\u00adstieg in die Kreis\u00adklas\u00adse<\/strong>. Nach spon\u00adta\u00adner Idee am Spiel\u00adfeld\u00adrand holten wir die Kicker gemein\u00adsam mit B\u00fcr\u00adger\u00admeis\u00adter Steg\u00admair am Orts\u00adein\u00adgang ab und zogen mit Marsch\u00admu\u00adsik zum Sport\u00adheim. Dort durf\u00adten wir am ber\u00fchm\u00adten Sport\u00adheim\u00adbal\u00adkon sogar einmal die \u201cSalat\u00adsch\u00fcs\u00adsel\u201d in die Luft recken.<\/p>\nngg_shortcode_3_placeholder&nbsp;<div id=\"box1\">\n<div id=\"picleft\">ngg_shortcode_4_placeholder<\/div>\n<p style=\"margin-top: 10px;\">Wenige Tage danach wurden wir von B\u00fcr\u00adger\u00admeis\u00adter Steg\u00admair \u00fcber das Able\u00adben unse\u00adres <strong>Ehren\u00adb\u00fcr\u00adgers Josef Gei\u00adsen\u00adho\u00adfer<\/strong> infor\u00admiert. In gro\u00dfer Blech\u00adbl\u00e4\u00adser\u00adbe\u00adset\u00adzung beglei\u00adte\u00adten wir die Trau\u00ader\u00adfei\u00ader sowie den anschlie\u00ad\u00dfen\u00adden Kir\u00adchen\u00adzug und die Beisetzungsfeier.<br>\nJosef Gei\u00adsen\u00adho\u00adfer war erst im Januar 2011 noch Gast auf unse\u00adrer Neu\u00adjahrs\u00adse\u00adre\u00adna\u00adde. Das nach\u00adste\u00adhen\u00adde Bild von diesem Kon\u00adzert widmen wir ihm nur zu gerne, denn auch er war immer ein gro\u00dfer Freund  unse\u00adres jungen Vereins.<\/p>\n<\/div>\n<p>Wei\u00adte\u00adre Sta\u00adtio\u00adnen im Musik\u00adsom\u00admer waren der Fronleichnamumzug,<\/p>\nngg_shortcode_5_placeholder\n<p>das \u00f6rt\u00adli\u00adche <strong>Sch\u00fct\u00adzen\u00adgrill\u00adfest<\/strong>, sowie Gast\u00adspie\u00adle beim <strong>Ver\u00adeins\u00adju\u00adbi\u00adl\u00e4\u00adum des SC Mas\u00adsen\u00adhau\u00adsen<\/strong>, die <strong>Ein\u00adwei\u00adhung des Sport\u00adheims der SpVgg Kam\u00admer\u00adberg<\/strong> und das <strong>Volks\u00adfest Aller\u00ads\u00adhau\u00adsen<\/strong>.<br> <br>\nAls abso\u00adlu\u00adtes High\u00adlight in 2011 emp\u00adfan\u00adden viele die erst\u00adma\u00adli\u00adge Teil\u00adnah\u00adme am <strong>Volks\u00admu\u00adsik\u00adfest in Au \/Hallertau<\/strong>. Gemein\u00adsam mit zahl\u00adrei\u00adchen Mit\u00adglie\u00addern folg\u00adten wir der Ein\u00adla\u00addung von Micha\u00adel Eber\u00adwein am Sams\u00adtag Nach\u00admit\u00adtag in den gem\u00fct\u00adli\u00adchen Kas\u00adta\u00adni\u00aden\u00adbier\u00adger\u00adten der Schloss\u00adwirt\u00adschaft in Au. Es hat Spa\u00df gemacht, f\u00fcr diesen Auf\u00adtritt auch alt\u00adbaye\u00adri\u00adsche St\u00fc\u00adckerln vor\u00adzu\u00adbe\u00adrei\u00adten und musi\u00adka\u00adlisch von Tisch zu Tisch zu ziehen. Wir freuen uns schon auf das n\u00e4chs\u00adte Volksmusikfest!<\/p>\nngg_shortcode_6_placeholder\n<p>Das <strong>Pfarr\u00adfest<\/strong> sowie der gro\u00dfe <strong>\u201cKirta Sonn\u00adtag\u201d der K\u00e4fer Gas\u00adtro\u00adno\u00admie<\/strong> brach\u00adten uns in den musi\u00adka\u00adli\u00adschen Herbst. Gefolgt wie immer von unse\u00adren \u201cWinter Klas\u00adsi\u00adkern\u201d wie dem <strong>St. Mar\u00adtins Umzug<\/strong>,<\/p>\nngg_shortcode_7_placeholder\n<p>dem Auf\u00adtritt am <strong>Volks\u00adtrau\u00ader\u00adtag<\/strong>, einer <strong>advent\u00adli\u00adchen Ein\u00adstim\u00admung in der Pfarr\u00adkir\u00adche<\/strong>, der <strong>Weih\u00adnachts\u00adfei\u00ader der Frei\u00adwil\u00adli\u00adgen Feu\u00ader\u00adwehr<\/strong> sowie der <strong>Ein\u00adstim\u00admung auf die Christ\u00admet\u00adte<\/strong> und schlie\u00df\u00adlich dem <strong>Kir\u00adchen\u00adpa\u00adtro\u00adzi\u00adni\u00adum<\/strong>.<\/p>\n<h3>Abschied von Helmut Linseisen<\/h3>\n<div id=\"box1\">\n<div id=\"picleft\">ngg_shortcode_8_placeholder<\/div>\n<p style=\"margin-top: 10px;\">Trotz der vielen sch\u00f6\u00adnen Auf\u00adtrit\u00adte musste unser noch junger Verein dieses Jahr leider auch zum ersten Mal Abschied von einem unse\u00adrer Mit\u00adglie\u00adder nehmen: Helmut Lins\u00adei\u00adsen. Als Helmut uns im Okto\u00adber 2004 fragte ob wir nicht beim Pries\u00adter\u00adju\u00adbi\u00adl\u00e4\u00adum von Pfar\u00adrer Mit\u00adter\u00admei\u00ader spie\u00adlen m\u00f6ch\u00adten, so war dies unwei\u00adger\u00adlich einer der Start\u00adsch\u00fcs\u00adse f\u00fcr das Unter\u00adneh\u00admen \u201cBlas\u00admu\u00adsik Hohen\u00adkam\u00admer\u201d. Schon bald nach unse\u00adrer Ver\u00adeins\u00adgr\u00fcn\u00addung wurde Helmut Mit\u00adglied der Blas\u00admu\u00adsik und war immer gerne bei unse\u00adren Auf\u00adtrit\u00adten, Ver\u00adsamm\u00adlun\u00adgen und Aus\u00adfl\u00fc\u00adgen mit dabei. Wir werden Dich nicht ver\u00adges\u00adsen, Helmut und Dir immer ein w\u00fcr\u00addi\u00adges Andenken bewahren.<br>\nDas nach\u00adste\u00adhen\u00adde Bild einer illus\u00adtren M\u00e4n\u00adner\u00adrun\u00adde ent\u00adstand beim Auf\u00adr\u00e4u\u00admen nach unse\u00adrem Ver\u00adeins\u00adgr\u00fcn\u00addungs\u00adfest im Jahre 2005 bei dem Helmut wie auf so vielen Festen in der Gemein\u00adde als Schank\u00adkell\u00adner fungierte.<\/p>\n<\/div>\n<h3>Ver\u00adeins\u00adaus\u00adflug in den Natio\u00adnal\u00adpark Baye\u00adri\u00adscher&nbsp;Wald<\/h3>\n<h4>Tier\u00adfrei\u00adge\u00adl\u00e4n\u00adde und Baumwipfelpfad<\/h4>\n<p>Unser nun schon drit\u00adter Ver\u00adeins\u00adaus\u00adflug wurde wieder einmal zu einem vollen Erfolg. Bei bestem Wetter bra\u00adchen wir mit dem Bus auf in den Natur\u00adpark Baye\u00adri\u00adscher Wald. Nach einem Pick\u00adnick im Freien gab es einen gef\u00fchr\u00adten Rund\u00adgang im Tier\u00adfrei\u00adge\u00adl\u00e4n\u00adde bei Spie\u00adgel\u00adau mit Wolf, Wisent und Luchs. Danach besuch\u00adten wir den bekann\u00adten Baum\u00adwip\u00adfel\u00adpfad mit Auf\u00adstieg in die luf\u00adti\u00adgen H\u00f6hen der Baum\u00adkro\u00adnen. Und zum Abschluss des Tages gab es dann in bew\u00e4hr\u00adter Weise ein gem\u00fct\u00adli\u00adches Zusam\u00admen\u00adsein bei Blas\u00admu\u00adsik und Gesang im Musi\u00adkan\u00adten\u00adfreund\u00adli\u00adchen Wirts\u00adhaus \u201cBeim Flori\u201d in Mettenbach.<\/p>\nngg_shortcode_9_placeholder\n<p>Weiter Bilder vom Ver\u00adeins\u00adaus\u00adflug finden Sie im <a href=\"https:\/\/www.blasmusik-hohenkammer.de\/v3\/?page_id=2964\">Foto\u00adal\u00adbum<\/a> auf unse\u00adrer Homepage.<\/p>\n<h3>Musik selbst gemacht!<\/h3>\n<h4>Das Jung\u00adbl\u00e4\u00adser\u00adpro\u00adjekt<\/h4>\n<p>In 2011 star\u00adte\u00adten wir auch meh\u00adre\u00adre Aktio\u00adnen zur Nach\u00adwuchs\u00adf\u00f6r\u00adde\u00adrung und Aufbau einer ersten Jugend\u00adgrup\u00adpe. So kam unter ande\u00adrem durch Unter\u00adst\u00fct\u00adzung der Gemein\u00adde Hohen\u00adkam\u00admer eine Zusam\u00admen\u00adar\u00adbeit mit der Musik\u00adschu\u00adle Amper\u00adtal e.V. zustan\u00adde. Aus\u00adge\u00adbil\u00adde\u00adte Lehr\u00adkr\u00e4f\u00adte bieten einen pro\u00adfes\u00adsio\u00adnel\u00adlen Grup\u00adpen- und Ein\u00adzel\u00adun\u00adter\u00adricht, der \u00fcbri\u00adgens nicht nur der Blas\u00admu\u00adsik zugutekommt.<\/p>\n<p>Eine erste gemein\u00adsa\u00adme Aktion mit der Musik\u00adschu\u00adle fand kurz nach den Pfingst\u00adfe\u00adri\u00aden in Zusam\u00admen\u00adar\u00adbeit mit der Grund\u00adschu\u00adle Hohen\u00adkam\u00admer statt. Einen ganzen Vor\u00admit\u00adtag lang hatten die Kinder der unter\u00adschied\u00adli\u00adchen Klas\u00adsen die M\u00f6g\u00adlich\u00adkeit, Blas\u00adin\u00adstru\u00admen\u00adte ken\u00adnen\u00adzu\u00adler\u00adnen. Themen waren unter ande\u00adrem: \u201c<i>Wie hei\u00dfen die ein\u00adzel\u00adnen Instru\u00admen\u00adte?<\/i>\u201d, \u201c<i>Wie ent\u00adsteht der Ton im Instru\u00adment?<\/i>\u201d oder \u201c<i>Warum hat eine Trom\u00adpe\u00adte nur drei Ven\u00adti\u00adle?<\/i>\u201d. Als beson\u00adde\u00adres High\u00adlight durf\u00adten dann die Kinder alle Instru\u00admen\u00adte durchprobieren.<\/p>\nngg_shortcode_10_placeholder\n<p>Siehe auch <a href=\"https:\/\/www.blasmusik-hohenkammer.de\/v3\/wp-content\/uploads\/presse\/FT20110704.jpg\" target=\"\u201d_blank\u201d\">Frei\u00adsin\u00adger Tag\u00adblatt vom 4. Juli&nbsp;2011<\/a><\/p>\n<p>Vier junge Nach\u00adwuchs\u00adbl\u00e4\u00adser gab es zu diesem Zeit\u00adpunkt schon und m\u00f6g\u00adli\u00adcher\u00adwei\u00adse war Hohen\u00adkam\u00admer somit die ein\u00adzi\u00adge Grund\u00adschu\u00adle mit eige\u00adner Nach\u00adwuchs-Bl\u00e4\u00adser\u00adgrup\u00adpe. Auch erste Auf\u00adtrit\u00adte in der Schule hatten sie zusam\u00admen schon erfolg\u00adreich gemeis\u00adtert. Hier ein Bild vom Radl-Pro\u00adjekt\u00adtag im&nbsp;Juni:<\/p>\nngg_shortcode_11_placeholder\n<p>Zur Ein\u00adwei\u00adhung der neuen Glonn\u00adbr\u00fc\u00adcke am 2. Okto\u00adber durf\u00adten sie sich dann (mit etwas Unter\u00adst\u00fct\u00adzung) und zwei Intra\u00adden im Namen aller Sch\u00fc\u00adler f\u00fcr den nun wieder offe\u00adnen kurzen Schul\u00adweg \u00fcber die Glonn bedan\u00adken. (Siehe <a href=\"https:\/\/www.blasmusik-hohenkammer.de\/v3\/wp-content\/uploads\/presse\/FT20111004.jpg\" target=\"\u201d_blank\u201d\">Frei\u00adsin\u00adger Tag\u00adblatt vom 4. Okto\u00adber 2011<\/a>)<\/p>\n<p>Inzwi\u00adschen hatte sich die Jung\u00adbl\u00e4\u00adser\u00adgrup\u00adpe schon her\u00adum\u00adge\u00adspro\u00adchen und so konn\u00adten wir in der Vor\u00adweih\u00adnachts\u00adzeit bereits mit neun jungen Musi\u00adkern und Musi\u00adke\u00adrin\u00adnen Weih\u00adnachts\u00adlie\u00adder ein\u00adstu\u00addie\u00adren. Auch drei \u201cNeu\u00adlin\u00adge\u201d waren mit ein\u00adge\u00adla\u00adden zum Zuh\u00f6\u00adren, schlie\u00df\u00adlich sollte man sich auch ein\u00adfach mal kennen lernen. Auf der Bio-Gl\u00fchwei(h)n-Nacht am Eiche\u00adthof, zur Weih\u00adnachts\u00adfei\u00ader des Gemein\u00adde\u00adkin\u00adder\u00adgar\u00adtens und im Rahmen der vor\u00adweih\u00adnacht\u00adli\u00adchen musi\u00adka\u00adli\u00adschen Lesung, welche die Musik\u00adschu\u00adle Amper\u00adtal  in der Grund\u00adschu\u00adle ver\u00adan\u00adstal\u00adte\u00adte zeig\u00adten die Nach\u00adwuchs\u00adbl\u00e4\u00adser dann ihr K\u00f6nnen. Auch \u00fcber die spon\u00adta\u00adne Ein\u00adla\u00addung zur \u00d6ff\u00adnung des Advents\u00adt\u00fcr\u00adchens der Gemein\u00adde am 22. Dezem\u00adber haben wir uns sehr gefreut!<\/p>\n<p>ngg_shortcode_12_placeholder<br>\nngg_shortcode_13_placeholder<\/p>\n<p>Hier der Pres\u00adse\u00adar\u00adti\u00adkel zur musi\u00adka\u00adli\u00adschen Weih\u00adnachts\u00adle\u00adsung: <a href=\"https:\/\/www.blasmusik-hohenkammer.de\/v3\/wp-content\/uploads\/presse\/FT20111219.jpg\" target=\"\u201d_blank\u201d\">Frei\u00adsin\u00adger Tag\u00adblatt vom 19. Dezem\u00adber 2011<\/a> und zur \u00d6ff\u00adnung des Adven\u00adt\u00fcr\u00adchens der Gemein\u00adde: <a href=\"https:\/\/www.blasmusik-hohenkammer.de\/v3\/wp-content\/uploads\/presse\/FT20111224.jpg\" target=\"\u201d_blank\u201d\">Frei\u00adsin\u00adger Tag\u00adblatt vom 24. Dezem\u00adber&nbsp;2011<\/a><\/p>\n<h3>Unsere akti\u00adven Musi\u00adker&nbsp;2011<\/h3>\n<h4>Wir sorgen f\u00fcr die per\u00adfek\u00adte&nbsp;Welle!<\/h4>\n<table border=\"1\" bordercolor=\"#f5f5f5\" cellpadding=\"2\" cellspacing=\"2\">\n<tr>\n<td align=\"left\" bgcolor=\"#f5f5f5\" valign=\"top\"><strong>Hohes Blech<\/strong><br>Mathi\u00adas Wiener (Fl\u00fc\u00adgel\u00adhorn, Trom\u00adpe\u00adte), Alois Hummel (Fl\u00fc\u00adgel\u00adhorn, Trom\u00adpe\u00adte), Mat\u00adthi\u00adas M\u00f6ller (Trom\u00adpe\u00adte), Xaver Sailer (Trom\u00adpe\u00adte) und Stefan Stehle (Trom\u00adpe\u00adte)<\/td>\n<\/tr>\n<tr>\n<td align=\"left\" bgcolor=\"#f5f5f5\" valign=\"top\"><strong>Holz<\/strong><br>Monika Riedl (Quer\u00adfl\u00f6\u00adte, Pic\u00adco\u00adlo), Mar\u00adti\u00adna Mot\u00adtin\u00adger (Kla\u00adri\u00adnet\u00adte, Saxo\u00adphon), Annet\u00adte Walter (Kla\u00adri\u00adnet\u00adte, Saxo\u00adphon), Dagmar Neu\u00admei\u00ader (Kla\u00adri\u00adnet\u00adte), Rainer Scho\u00adbel (Kla\u00adri\u00adnet\u00adte) und neu dabei <strong>Inge Dilz<\/strong> (Kla\u00adri\u00adnet\u00adte)<\/td>\n<\/tr>\n<tr>\n<td align=\"left\" bgcolor=\"#f5f5f5\" valign=\"top\"><strong>Tiefes Blech<\/strong><br>Richard Mot\u00adtin\u00adger (Tenor\u00adhorn), Helmut Frank (Bari\u00adton, Posau\u00adne), Gun\u00adther Els\u00e4s\u00adser (Posau\u00adne), Klaus Hagen\u00adrai\u00adner (Posau\u00adne), Nor\u00adbert Mayr (Tuba) und Anton Walter (E-Bass)<\/td>\n<\/tr>\n<tr>\n<td align=\"left\" bgcolor=\"#f5f5f5\" valign=\"top\"><strong>Schlag\u00adzeug<\/strong><br>Stefan Moos\u00adbur\u00adger<\/td>\n<\/tr>\n<tr>\n<td align=\"left\" bgcolor=\"#f5f5f5\" valign=\"top\"><strong>Per\u00adcus\u00adsion, Key\u00adboard, Lyra und mehr<\/strong><br>Hans Moos\u00adbur\u00adger, Stefan Neu\u00admei\u00ader und Werner Deutscher<\/td>\n<\/tr>\n<\/table>\n<div id=\"column1of3\"><a href=\"https:\/\/www.blasmusik-hohenkammer.de\/v3\/?page_id=3003\">\u25c4 2010<\/a><\/div>\n<div id=\"column2of3\"><a href=\"https:\/\/www.blasmusik-hohenkammer.de\/v3\/?page_id=22\">\u25b2<\/a><\/div>\n<div id=\"column3of3\"><a href=\"https:\/\/www.blasmusik-hohenkammer.de\/v3\/?page_id=3007\">2012 \u25ba<\/a><\/div>\n","protected":false},"excerpt":{"rendered":"<p>\u25c4 2010 \u25b2 2012 \u25ba Neu\u00adjahrs Sere\u00adna\u00adde Zirkus, Zirkus! Das Jahr 2011 begann mit unse\u00adrer Neu\u00adjahrs\u00adse\u00adre\u00adna\u00adde unter dem Motto Zirkus, Zirkus! Dr. Beat B\u00fchler f\u00fchrte als Zir\u00adkus\u00addi\u00adrek\u00adtor durch ein buntes Pro\u00adgramm an Zir\u00adkus\u00adme\u00adlo\u00addien. Beson\u00adders f\u00fcr Kinder war dieses mal&nbsp;viel&nbsp;\u2026<\/p>\n<p class=\"read-more\"> <a class=\"more-link\" href=\"https:\/\/www.blasmusik-hohenkammer.de\/v3\/?page_id=3005\"> <span class=\"screen-reader-text\">Das Musik\u00adjahr&nbsp;2011<\/span> Weiterlesen&nbsp;\u00bb<\/a><\/p>\n","protected":false},"author":1,"featured_media":0,"parent":22,"menu_order":0,"comment_status":"closed","ping_status":"closed","template":"","meta":{"wp_typography_post_enhancements_disabled":false,"ngg_post_thumbnail":0,"footnotes":""},"class_list":["post-3005","page","type-page","status-publish","hentry"],"_links":{"self":[{"href":"https:\/\/www.blasmusik-hohenkammer.de\/v3\/index.php?rest_route=\/wp\/v2\/pages\/3005","targetHints":{"allow":["GET"]}}],"collection":[{"href":"https:\/\/www.blasmusik-hohenkammer.de\/v3\/index.php?rest_route=\/wp\/v2\/pages"}],"about":[{"href":"https:\/\/www.blasmusik-hohenkammer.de\/v3\/index.php?rest_route=\/wp\/v2\/types\/page"}],"author":[{"embeddable":true,"href":"https:\/\/www.blasmusik-hohenkammer.de\/v3\/index.php?rest_route=\/wp\/v2\/users\/1"}],"replies":[{"embeddable":true,"href":"https:\/\/www.blasmusik-hohenkammer.de\/v3\/index.php?rest_route=%2Fwp%2Fv2%2Fcomments&post=3005"}],"version-history":[{"count":16,"href":"https:\/\/www.blasmusik-hohenkammer.de\/v3\/index.php?rest_route=\/wp\/v2\/pages\/3005\/revisions"}],"predecessor-version":[{"id":4684,"href":"https:\/\/www.blasmusik-hohenkammer.de\/v3\/index.php?rest_route=\/wp\/v2\/pages\/3005\/revisions\/4684"}],"up":[{"embeddable":true,"href":"https:\/\/www.blasmusik-hohenkammer.de\/v3\/index.php?rest_route=\/wp\/v2\/pages\/22"}],"wp:attachment":[{"href":"https:\/\/www.blasmusik-hohenkammer.de\/v3\/index.php?rest_route=%2Fwp%2Fv2%2Fmedia&parent=3005"}],"curies":[{"name":"wp","href":"https:\/\/api.w.org\/{rel}","templated":true}]}}