{"id":2999,"date":"2017-02-03T23:33:16","date_gmt":"2017-02-03T22:33:16","guid":{"rendered":"http:\/\/www.blasmusik-hohenkammer.de\/v3\/?page_id=2999"},"modified":"2017-03-04T16:36:22","modified_gmt":"2017-03-04T15:36:22","slug":"das-musikjahr-2008","status":"publish","type":"page","link":"https:\/\/www.blasmusik-hohenkammer.de\/v3\/?page_id=2999","title":{"rendered":"Das Musik\u00adjahr&nbsp;2008"},"content":{"rendered":"<div id=\"column1of3\"><a href=\"https:\/\/www.blasmusik-hohenkammer.de\/v3\/?page_id=2997\">\u25c4 2007<\/a><\/div>\n<div id=\"column2of3\"><a href=\"https:\/\/www.blasmusik-hohenkammer.de\/v3\/?page_id=22\">\u25b2<\/a><\/div>\n<div id=\"column3of3\"><a href=\"https:\/\/www.blasmusik-hohenkammer.de\/v3\/?page_id=3001\">2009 \u25ba<\/a><\/div>\n<h3>1. Neu\u00adjahrs - Serenade<\/h3>\n<h4>Auf einem Per\u00adsi\u00adschen&nbsp;Markt<\/h4>\nngg_shortcode_0_placeholder\n<p>Nach einer inten\u00adsi\u00adven Pro\u00adben\u00adpha\u00adse gelang uns am 13. Januar ein unver\u00adgess\u00adli\u00adcher Auf\u00adtakt ins neue Musik\u00adjahr. Weit \u00fcber 300 Besu\u00adcher f\u00fcll\u00adten bei unse\u00adrer ersten Neu\u00adjahrs-Sere\u00adna\u00adde die Mehr\u00adzweck\u00adhal\u00adle bis auf den letz\u00adten Platz. Nach dem Er\u00f6ff\u00adnungs\u00adst\u00fcck <strong>Musica Glo\u00adrio\u00adsa<\/strong> von Alfred B\u00f6sen\u00addor\u00adfer folgte die Gott\u00adfried St\u00f6lzl Kom\u00adpo\u00adsi\u00adti\u00adon <strong>Bist Du bei mir<\/strong> aus dem 2. Noten\u00adb\u00fcch\u00adlein von J.S. Bach sowie die <strong>Annen Polka<\/strong> von Johann  Strau\u00df (Sohn). Gro\u00dfer H\u00f6he\u00adpunkt des Nach\u00admit\u00adta\u00adges war die Inter\u00admez\u00adzo Szene <strong>Auf einem per\u00adsi\u00adschen Markt<\/strong> von Albert W. Ket\u00e8lbey.<\/p>\nngg_shortcode_1_placeholder\n<p>Eine Tanz\u00adgrup\u00adpe unter der Ein\u00adstu\u00addie\u00adrung von Gabrie\u00adle Moos\u00adbur\u00adger und Andrea Walter bil\u00adde\u00adte den opti\u00adschen Rahmen f\u00fcr dieses Werk. Fern\u00ad\u00f6st\u00adlich geklei\u00adde\u00adte Kinder und Erwach\u00adse\u00adne zogen in einer Kara\u00adwa\u00adne ein und ver\u00adwan\u00addel\u00adten die Halle in einen Markt\u00adplatz mit Gauk\u00adlern und Schlan\u00adgen\u00adbe\u00adschw\u00f6\u00adrern. Dem bunten Trei\u00adben folgte der Tanz der Prin\u00adzes\u00adsin, optisch dar\u00adge\u00adstellt durch ein geheim\u00adnis\u00advol\u00adles Schat\u00adten\u00adspiel, bevor sich der Markt\u00adplatz lang\u00adsam wieder leerte. Ein Arran\u00adge\u00adment mit Welt\u00adhits von Herb Alpert und welt\u00adbe\u00adkann\u00adte Film\u00admu\u00adsik aus dem Wes\u00adtern Klas\u00adsi\u00adker Win\u00adne\u00adtou bil\u00adde\u00adten den Abschluss dieser ersten Serenade.<\/p>\nngg_shortcode_2_placeholder\n<p>(Siehe auch <a href=\"https:\/\/www.blasmusik-hohenkammer.de\/v3\/wp-content\/uploads\/presse\/FT20080119.jpg\" target=\"\u201d_blank\u201d\">Frei\u00adsin\u00adger Tag\u00adblatt vom 19. Januar 2008<\/a>)<\/p>\n<h3>Mit Blas\u00admu\u00adsik durch\u2019s Jahr<\/h3>\n<h4>Von Senio\u00adren\u00adnach\u00admit\u00adtag bis Kirchweih<\/h4>\n<p>Den Ein\u00adstieg in die Spiel\u00adsai\u00adson bil\u00adde\u00adte wie auch schon in den Vor\u00adjah\u00adren der <strong>Senio\u00adren\u00adnach\u00admit\u00adtag<\/strong> am 26. April in der Mehr\u00adzweck\u00adhal\u00adle. Beim <strong>Mai\u00adbaum Auf\u00adstel\u00adlen im Orts\u00adteil Egl\u00adhau\u00adsen<\/strong> am 1. Mai hatten wir dann Gele\u00adgen\u00adheit, das erste mal unsere neuen Trach\u00adten\u00adjan\u00adker und H\u00fcte zu testen.<\/p>\nngg_shortcode_3_placeholder\n<p>Der Egl\u00adhau\u00adser Mai\u00adbaum wurde \u00fcbri\u00adgens 2008 zu einem der Sch\u00f6ns\u00adten im Land\u00adkreis gew\u00e4hlt. Und wir sind uns sicher - bestimmt auch wegen der super Stim\u00admung am Mai\u00adfest&nbsp;2008&nbsp;\ud83d\ude09&nbsp;.<\/p>\n<p>Nach der Teil\u00adnah\u00adme an der <strong>Fron\u00adleich\u00adnams\u00adpro\u00adzes\u00adsi\u00adon<\/strong> war\u00adte\u00adten dann zwei gr\u00f6\u00ad\u00dfe\u00adre Feste auf uns. Zum einen das <strong>Jubi\u00adl\u00e4\u00adum der Land\u00adju\u00adgend Schlipps<\/strong> in Form eines fest\u00adli\u00adchen Got\u00adtes\u00addiens\u00adtes und einem gem\u00fct\u00adli\u00adchen Bier\u00adgar\u00adten\u00adnach\u00admit\u00adtag im Gast\u00adhaus&nbsp;Bail.<br>\nZum ande\u00adren das <strong>Ver\u00adeins\u00adju\u00adbi\u00adl\u00e4\u00adum der Frei\u00adwil\u00adli\u00adgen Feu\u00ader\u00adwehr Het\u00adzen\u00adhau\u00adsen<\/strong> am Tag des EM End\u00adspiels. Vom Ein\u00adho\u00adlen der Ver\u00adei\u00adne, \u00fcber die Gestal\u00adtung des Frei\u00adlicht\u00adgot\u00adtes\u00addiens\u00adtes mit Fest\u00adzug bis hin zum Aus\u00adklang im Fest\u00adzelt \u00fcber\u00adnah\u00admen wir an diesem Tag den \u201cJob\u201d der Festkapelle.&nbsp;<br>\nDanach folgte der fast schon \u201cobli\u00adga\u00adto\u00adri\u00adsche\u201d Fest\u00adzug mit Stand\u00adkon\u00adzert zur <strong>Neu\u00adfahr\u00adner Volks\u00adfest\u00ader\u00f6ff\u00adnung<\/strong> im&nbsp;Juli.&nbsp;<\/p>\nngg_shortcode_4_placeholder\n<p>Ein <strong>Bier\u00adgar\u00adten-Fr\u00fch\u00adschop\u00adpen<\/strong>, das erste mal unter \u201cRegie\u201d von Fein\u00adkost K\u00e4fer im Schlo\u00df Hohen\u00adkam\u00admer, bil\u00adde\u00adte den Abschluss der Sommersaison.<\/p>\nngg_shortcode_5_placeholder\n<p>Nach dem <strong>Pfarr\u00adfest<\/strong> gab dann Veit Reis\u00adber\u00adber und sein Team am <strong>Kirch\u00adweih\u00adsonn\u00adtag<\/strong> seinen \u201cEin\u00adstand\u201d f\u00fcr die Hohen\u00adkam\u00admer\u00adner Bev\u00f6l\u00adke\u00adrung mit Kirchweihant\u00b4n, Bier und nat\u00fcr\u00adlich der Blas\u00admu\u00adsik Hohen\u00adkam\u00admer im gro\u00dfen Guts\u00adhof\u00adsaal des Schosses.<\/p>\n<h3>Pro\u00adben\u00adar\u00adbeit<\/h3>\n<h4>Ohne Flei\u00df kein&nbsp;Preis<\/h4>\n<p>Nach der erfolg\u00adrei\u00adchen Sere\u00adna\u00adde 2008 war die Ent\u00adschei\u00addung recht leicht gefal\u00adlen, auch f\u00fcr 2009 wieder eine Kon\u00adzert ein\u00adzu\u00adstu\u00addie\u00adren. So begann der Pro\u00adben\u00adbe\u00adtrieb im Herbst 2008 unter dem Motto \u201cBlas\u00admu\u00adsik goes Big&nbsp;Band\u201d.<\/p>\nngg_shortcode_6_placeholder\n<h3>Blas\u00admu\u00adsik zur Advents und Weihnachtszeit<\/h3>\n<h4>Die Blas\u00adka\u00adpel\u00adle als fester Bestand\u00adteil des d\u00f6rf\u00adli\u00adchen Lebens - auch im Winter<\/h4>\n<p>Wenn Sie wissen wollen was wir im Novem\u00adber und Dezem\u00adber au\u00dfer Kon\u00adzert\u00advor\u00adbe\u00adrei\u00adtung noch so alles machen - dann hier eine \u201ckleine\u201d aber \u201cfeine\u201d Zusammenstellung:<\/p>\n<ul>\n<li>Gemein\u00adsa\u00admer Mar\u00adtins\u00adum\u00adzug der Kinderg\u00e4rten<\/li>\n<li>Volks\u00adtrau\u00ader\u00adtag der Gemein\u00adde Hohenkammer<\/li>\n<li>Bio - Gl\u00fchwei(h)nacht am Eichethof<\/li>\n<li>2 mal Wald\u00adweih\u00adnacht der beiden Kinderg\u00e4rten<\/li>\n<li><span class=\"dquo\">\u201c<\/span>Anbla\u00adsen\u201d der Christ\u00admet\u00adte am Heilig Abend<\/li>\n<li>Kir\u00adchen\u00adpa\u00adtro\u00adzi\u00adni\u00adum und Fackel\u00adum\u00adzug zur Jah\u00adres\u00adhaupt\u00adver\u00adsamm\u00adlung der FFW Hohenkammer<\/li>\n<\/ul>\nngg_shortcode_7_placeholder\n<h3>Unsere Beset\u00adzung<\/h3>\n<h4>Mit den fol\u00adgen\u00adden 18 Musi\u00adkern gingen wir ins neue Blas\u00admu\u00adsik\u00adjahr&nbsp;2009:<\/h4>\n<table border=\"1\" bordercolor=\"#f5f5f5\" cellpadding=\"2\" cellspacing=\"2\">\n<tr>\n<td align=\"left\" bgcolor=\"#f5f5f5\" valign=\"top\"><strong>Hohes Blech<\/strong><br>Mathi\u00adas Wiener (Fl\u00fc\u00adgel\u00adhorn, Trom\u00adpe\u00adte), Alois Hummel (Fl\u00fc\u00adgel\u00adhorn, Trom\u00adpe\u00adte), Mat\u00adthi\u00adas M\u00f6ller (Trom\u00adpe\u00adte) und neu dabei <strong>Hannes Kern<\/strong> (Fl\u00fc\u00adgel\u00adhorn, Trompete)<\/td>\n<\/tr>\n<tr>\n<td align=\"left\" bgcolor=\"#f5f5f5\" valign=\"top\"><strong>Holz<\/strong><br>Monika Riedl (Quer\u00adfl\u00f6\u00adte, Pic\u00adco\u00adlo), Mar\u00adti\u00adna Mot\u00adtin\u00adger (Kla\u00adri\u00adnet\u00adte, Saxo\u00adphon), Annet\u00adte Walter (Kla\u00adri\u00adnet\u00adte, Saxo\u00adphon), Dagmar Neu\u00admei\u00ader (Kla\u00adri\u00adnet\u00adte) und neu dabei <strong>Kers\u00adtin Hammer<\/strong> (Kla\u00adri\u00adnet\u00adte) und <strong>Rainer Scho\u00adbel<\/strong> (Kla\u00adri\u00adnet\u00adte)<\/td>\n<\/tr>\n<tr>\n<td align=\"left\" bgcolor=\"#f5f5f5\" valign=\"top\"><strong>Tiefes Blech<\/strong><br>Richard Mot\u00adtin\u00adger (Tenor\u00adhorn), Helmut Frank (Bari\u00adton, Posau\u00adne), Gun\u00adther Els\u00e4s\u00adser (Posau\u00adne), Klaus Hagen\u00adrai\u00adner (Posau\u00adne), Anton Walter (Tuba, E-Bass)<\/td>\n<\/tr>\n<tr>\n<td align=\"left\" bgcolor=\"#f5f5f5\" valign=\"top\"><strong>Schlag\u00adzeug<\/strong><br>Stefan Moos\u00adbur\u00adger<\/td>\n<\/tr>\n<tr>\n<td align=\"left\" bgcolor=\"#f5f5f5\" valign=\"top\"><strong>Per\u00adcus\u00adsion, Key\u00adboard, Lyra und mehr<\/strong><br>Hans Moos\u00adbur\u00adger, Stefan Neumeier<\/td>\n<\/tr>\n<\/table>\n<div id=\"column1of3\"><a href=\"https:\/\/www.blasmusik-hohenkammer.de\/v3\/?page_id=2997\">\u25c4 2007<\/a><\/div>\n<div id=\"column2of3\"><a href=\"https:\/\/www.blasmusik-hohenkammer.de\/v3\/?page_id=22\">\u25b2<\/a><\/div>\n<div id=\"column3of3\"><a href=\"https:\/\/www.blasmusik-hohenkammer.de\/v3\/?page_id=3001\">2009 \u25ba<\/a><\/div>\n","protected":false},"excerpt":{"rendered":"<p>\u25c4 2007 \u25b2 2009 \u25ba 1. Neu\u00adjahrs - Sere\u00adna\u00adde Auf einem Per\u00adsi\u00adschen&nbsp;Markt Nach einer inten\u00adsi\u00adven Pro\u00adben\u00adpha\u00adse gelang uns am 13. Januar ein unver\u00adgess\u00adli\u00adcher Auf\u00adtakt ins neue Musik\u00adjahr. Weit \u00fcber 300 Besu\u00adcher f\u00fcll\u00adten bei unse\u00adrer ersten Neu\u00ad\u00adjahrs-Sere\u00adna\u00ad\u00adde die Mehr\u00adzweck\u00adhal\u00adle bis&nbsp;auf&nbsp;\u2026<\/p>\n<p class=\"read-more\"> <a class=\"more-link\" href=\"https:\/\/www.blasmusik-hohenkammer.de\/v3\/?page_id=2999\"> <span class=\"screen-reader-text\">Das Musik\u00adjahr&nbsp;2008<\/span> Weiterlesen&nbsp;\u00bb<\/a><\/p>\n","protected":false},"author":1,"featured_media":0,"parent":22,"menu_order":0,"comment_status":"closed","ping_status":"closed","template":"","meta":{"wp_typography_post_enhancements_disabled":false,"ngg_post_thumbnail":0,"footnotes":""},"class_list":["post-2999","page","type-page","status-publish","hentry"],"_links":{"self":[{"href":"https:\/\/www.blasmusik-hohenkammer.de\/v3\/index.php?rest_route=\/wp\/v2\/pages\/2999","targetHints":{"allow":["GET"]}}],"collection":[{"href":"https:\/\/www.blasmusik-hohenkammer.de\/v3\/index.php?rest_route=\/wp\/v2\/pages"}],"about":[{"href":"https:\/\/www.blasmusik-hohenkammer.de\/v3\/index.php?rest_route=\/wp\/v2\/types\/page"}],"author":[{"embeddable":true,"href":"https:\/\/www.blasmusik-hohenkammer.de\/v3\/index.php?rest_route=\/wp\/v2\/users\/1"}],"replies":[{"embeddable":true,"href":"https:\/\/www.blasmusik-hohenkammer.de\/v3\/index.php?rest_route=%2Fwp%2Fv2%2Fcomments&post=2999"}],"version-history":[{"count":8,"href":"https:\/\/www.blasmusik-hohenkammer.de\/v3\/index.php?rest_route=\/wp\/v2\/pages\/2999\/revisions"}],"predecessor-version":[{"id":4317,"href":"https:\/\/www.blasmusik-hohenkammer.de\/v3\/index.php?rest_route=\/wp\/v2\/pages\/2999\/revisions\/4317"}],"up":[{"embeddable":true,"href":"https:\/\/www.blasmusik-hohenkammer.de\/v3\/index.php?rest_route=\/wp\/v2\/pages\/22"}],"wp:attachment":[{"href":"https:\/\/www.blasmusik-hohenkammer.de\/v3\/index.php?rest_route=%2Fwp%2Fv2%2Fmedia&parent=2999"}],"curies":[{"name":"wp","href":"https:\/\/api.w.org\/{rel}","templated":true}]}}